{"id":1730,"date":"2019-02-13T08:00:57","date_gmt":"2019-02-13T07:00:57","guid":{"rendered":"http:\/\/lonstroff.lake-studio.de\/imprint"},"modified":"2019-06-06T10:51:06","modified_gmt":"2019-06-06T08:51:06","slug":"imprint","status":"publish","type":"page","link":"https:\/\/www.lonstroff.com\/sl\/imprint","title":{"rendered":"Imprint"},"content":{"rendered":"\t\t\t<section  class=\"content-section    pt-40-xs pb-40-xs pt-50-md pb-50-md pt-70-lg pb-70-lg  no-margin\"   >\n\n\t\t\t\t\n\t\t\t\t\n\t\t\t\t<div class=\"row  \">\n\n\t\t\t\t\t[vc_column][vc_column_text]\n<h4>Verantwortlich f\u00fcr den Inhalt<\/h4>\n<p>Lonstroff AG<br \/>\nIndustrie Nord 1<br \/>\n5634 Merenschwand<\/p>\n<p>Telefon +41 62 836 37 37<br \/>\n<a href=\"&#109;&#x61;&#x69;l&#116;&#x6f;&#x3a;i&#110;&#x66;o&#64;&#x6c;&#x6f;n&#115;&#x74;r&#111;&#x66;&#x66;&#46;&#99;&#x6f;&#x6d;\">&#x69;&#x6e;&#102;o&#x40;&#x6c;&#111;ns&#x74;&#x72;&#111;f&#x66;&#x2e;&#99;&#111;m<\/a><\/p>\n<p>Unternehmens-Identifikationsnummer (UID): CHE-113.640.735<\/p>\n<h4>Realisation<\/h4>\n<p>Graf von Alonso<br \/>\n<a href=\"ma&#105;&#108;&#x74;&#x6f;&#x3a;&#x6d;ai&#108;&#64;&#x67;&#x72;&#x61;&#x66;vo&#110;&#97;&#108;&#x6f;&#x6e;&#x73;&#x6f;&#46;c&#104;\">&#x6d;&#x61;&#105;&#108;&#64;g&#x72;&#x61;&#x66;&#118;on&#x61;&#x6c;&#x6f;&#110;&#115;o&#x2e;&#x63;&#x68;<\/a><\/p>\n<h4>Rechtsform<\/h4>\n<p>Aktiengesellschaft<\/p>\n<h4>Sicherheit<\/h4>\n<p>Es wird darauf hingewiesen, dass die Sicherheit der Kommunikation \u00fcber Internet oder E-mail nicht gew\u00e4hrleistet ist. Jegliche Haftung f\u00fcr Verletzungen des Berufsgeheimnisses, bedingt durch die Kommunikation \u00fcber Internet oder E-mail, wird abgelehnt. F\u00fcr vertrauliche und wichtige Mitteilungen empfehlen wir Ihnen die \u00dcbermittlung mittels Post-, oder Kuriersendung.<\/p>\n<h4>Haftungsausschluss<\/h4>\n<p>Diese Website wurde mit gr\u00f6sstm\u00f6glicher Sorgfalt zusammengestellt. Trotzdem kann f\u00fcr die Fehlerfreiheit und Genauigkeit der enthaltenen Informationen nicht garantiert werden. Lonstroff AG schliesst jegliche Haftung f\u00fcr Sch\u00e4den, die direkt oder indirekt aus der Benutzung dieser Website entstehen aus, soweit diese nicht auf Vorsatz oder grober Fahrl\u00e4ssigkeit von Lonstroff AG beruhen.<\/p>\n<h4>Externe Verweise und Links<\/h4>\n<p>Trotz sorgf\u00e4ltiger inhaltlicher Kontrolle \u00fcbernehmen wir keine Haftung f\u00fcr die Inhalte externer Links. F\u00fcr den Inhalt der verlinkten Seiten sind ausschliesslich deren Betreiber verantwortlich.<\/p>\n<h4>Copyright<\/h4>\n<p>Der Inhalt dieser Website, insbesondere alle Texte, Bilder, Grafiken, Logos, Webcam-Bilder, Ton-, Video- und Animationsdateien sowie auch ihre Arrangements, unterliegen dem Urheberrecht und anderen Gesetzen zum Schutz geistigen Eigentums.[\/vc_column_text][\/vc_column]\n\t\t\t\t<\/div>\n\n\t\t\t\t\n\t\t\t\t\n\t\t\t\n\t\t\t\n\t\t<\/section>\n\n\t\n","protected":false},"excerpt":{"rendered":"[vc_column][vc_column_text] Verantwortlich f\u00fcr den Inhalt Lonstroff AG Industrie Nord 1 5634 Merenschwand Telefon +41 62 836 37 37 &#x69;n&#x66;&#111;&#64;&#x6c;&#111;&#x6e;&#x73;t&#x72;&#111;f&#x66;&#46;&#x63;&#111;m Unternehmens-Identifikationsnummer (UID): CHE-113.640.735 Realisation Graf von Alonso &#x6d;&#x61;&#105;l&#64;&#x67;&#x72;&#97;&#102;v&#x6f;&#x6e;&#97;&#108;o&#x6e;&#x73;&#x6f;&#46;ch Rechtsform Aktiengesellschaft Sicherheit Es wird darauf hingewiesen, dass die Sicherheit der Kommunikation \u00fcber Internet oder E-mail nicht gew\u00e4hrleistet ist. Jegliche Haftung f\u00fcr Verletzungen <a class=\"moretag\" href=\"https:\/\/www.lonstroff.com\/sl\/imprint\">read more...<\/a>","protected":false},"author":1,"featured_media":0,"parent":0,"menu_order":24,"comment_status":"closed","ping_status":"closed","template":"","meta":{"_acf_changed":false,"footnotes":"","_links_to":"","_links_to_target":""},"class_list":["post-1730","page","type-page","status-publish","hentry"],"acf":[],"yoast_head":"<!-- This site is optimized with the Yoast SEO plugin v27.4 - https:\/\/yoast.com\/product\/yoast-seo-wordpress\/ -->\n<title>Imprint - LONSTROFF AG<\/title>\n<meta name=\"robots\" content=\"index, follow, max-snippet:-1, max-image-preview:large, max-video-preview:-1\" \/>\n<link rel=\"canonical\" href=\"https:\/\/www.lonstroff.com\/sl\/imprint\" \/>\n<meta property=\"og:locale\" content=\"sl_SI\" \/>\n<meta property=\"og:type\" content=\"article\" \/>\n<meta property=\"og:title\" content=\"Imprint - LONSTROFF AG\" \/>\n<meta property=\"og:url\" content=\"https:\/\/www.lonstroff.com\/sl\/imprint\" \/>\n<meta property=\"og:site_name\" content=\"LONSTROFF AG\" \/>\n<meta property=\"article:modified_time\" content=\"2019-06-06T08:51:06+00:00\" \/>\n<meta name=\"twitter:card\" content=\"summary_large_image\" \/>\n<meta name=\"twitter:label1\" content=\"Est. reading time\" \/>\n\t<meta name=\"twitter:data1\" content=\"1 minuta\" \/>\n<script type=\"application\/ld+json\" class=\"yoast-schema-graph\">{\"@context\":\"https:\\\/\\\/schema.org\",\"@graph\":[{\"@type\":\"WebPage\",\"@id\":\"https:\\\/\\\/www.lonstroff.com\\\/sl\\\/imprint\",\"url\":\"https:\\\/\\\/www.lonstroff.com\\\/sl\\\/imprint\",\"name\":\"Imprint - LONSTROFF AG\",\"isPartOf\":{\"@id\":\"https:\\\/\\\/www.lonstroff.com\\\/#website\"},\"datePublished\":\"2019-02-13T07:00:57+00:00\",\"dateModified\":\"2019-06-06T08:51:06+00:00\",\"breadcrumb\":{\"@id\":\"https:\\\/\\\/www.lonstroff.com\\\/sl\\\/imprint#breadcrumb\"},\"inLanguage\":\"sl-SI\",\"potentialAction\":[{\"@type\":\"ReadAction\",\"target\":[\"https:\\\/\\\/www.lonstroff.com\\\/sl\\\/imprint\"]}]},{\"@type\":\"BreadcrumbList\",\"@id\":\"https:\\\/\\\/www.lonstroff.com\\\/sl\\\/imprint#breadcrumb\",\"itemListElement\":[{\"@type\":\"ListItem\",\"position\":1,\"name\":\"Startseite\",\"item\":\"https:\\\/\\\/www.lonstroff.com\\\/sl\"},{\"@type\":\"ListItem\",\"position\":2,\"name\":\"Imprint\"}]},{\"@type\":\"WebSite\",\"@id\":\"https:\\\/\\\/www.lonstroff.com\\\/#website\",\"url\":\"https:\\\/\\\/www.lonstroff.com\\\/\",\"name\":\"LONSTROFF AG\",\"description\":\"\",\"potentialAction\":[{\"@type\":\"SearchAction\",\"target\":{\"@type\":\"EntryPoint\",\"urlTemplate\":\"https:\\\/\\\/www.lonstroff.com\\\/?s={search_term_string}\"},\"query-input\":{\"@type\":\"PropertyValueSpecification\",\"valueRequired\":true,\"valueName\":\"search_term_string\"}}],\"inLanguage\":\"sl-SI\"}]}<\/script>\n<!-- \/ Yoast SEO plugin. -->","yoast_head_json":{"title":"Imprint - LONSTROFF AG","robots":{"index":"index","follow":"follow","max-snippet":"max-snippet:-1","max-image-preview":"max-image-preview:large","max-video-preview":"max-video-preview:-1"},"canonical":"https:\/\/www.lonstroff.com\/sl\/imprint","og_locale":"sl_SI","og_type":"article","og_title":"Imprint - LONSTROFF AG","og_url":"https:\/\/www.lonstroff.com\/sl\/imprint","og_site_name":"LONSTROFF AG","article_modified_time":"2019-06-06T08:51:06+00:00","twitter_card":"summary_large_image","twitter_misc":{"Est. reading time":"1 minuta"},"schema":{"@context":"https:\/\/schema.org","@graph":[{"@type":"WebPage","@id":"https:\/\/www.lonstroff.com\/sl\/imprint","url":"https:\/\/www.lonstroff.com\/sl\/imprint","name":"Imprint - LONSTROFF AG","isPartOf":{"@id":"https:\/\/www.lonstroff.com\/#website"},"datePublished":"2019-02-13T07:00:57+00:00","dateModified":"2019-06-06T08:51:06+00:00","breadcrumb":{"@id":"https:\/\/www.lonstroff.com\/sl\/imprint#breadcrumb"},"inLanguage":"sl-SI","potentialAction":[{"@type":"ReadAction","target":["https:\/\/www.lonstroff.com\/sl\/imprint"]}]},{"@type":"BreadcrumbList","@id":"https:\/\/www.lonstroff.com\/sl\/imprint#breadcrumb","itemListElement":[{"@type":"ListItem","position":1,"name":"Startseite","item":"https:\/\/www.lonstroff.com\/sl"},{"@type":"ListItem","position":2,"name":"Imprint"}]},{"@type":"WebSite","@id":"https:\/\/www.lonstroff.com\/#website","url":"https:\/\/www.lonstroff.com\/","name":"LONSTROFF AG","description":"","potentialAction":[{"@type":"SearchAction","target":{"@type":"EntryPoint","urlTemplate":"https:\/\/www.lonstroff.com\/?s={search_term_string}"},"query-input":{"@type":"PropertyValueSpecification","valueRequired":true,"valueName":"search_term_string"}}],"inLanguage":"sl-SI"}]}},"_links":{"self":[{"href":"https:\/\/www.lonstroff.com\/sl\/wp-json\/wp\/v2\/pages\/1730","targetHints":{"allow":["GET"]}}],"collection":[{"href":"https:\/\/www.lonstroff.com\/sl\/wp-json\/wp\/v2\/pages"}],"about":[{"href":"https:\/\/www.lonstroff.com\/sl\/wp-json\/wp\/v2\/types\/page"}],"author":[{"embeddable":true,"href":"https:\/\/www.lonstroff.com\/sl\/wp-json\/wp\/v2\/users\/1"}],"replies":[{"embeddable":true,"href":"https:\/\/www.lonstroff.com\/sl\/wp-json\/wp\/v2\/comments?post=1730"}],"version-history":[{"count":1,"href":"https:\/\/www.lonstroff.com\/sl\/wp-json\/wp\/v2\/pages\/1730\/revisions"}],"predecessor-version":[{"id":1785,"href":"https:\/\/www.lonstroff.com\/sl\/wp-json\/wp\/v2\/pages\/1730\/revisions\/1785"}],"wp:attachment":[{"href":"https:\/\/www.lonstroff.com\/sl\/wp-json\/wp\/v2\/media?parent=1730"}],"curies":[{"name":"wp","href":"https:\/\/api.w.org\/{rel}","templated":true}]}}