{"id":1413,"date":"2019-02-13T13:25:06","date_gmt":"2019-02-13T12:25:06","guid":{"rendered":"http:\/\/lonstroff.lake-studio.de\/umwelt"},"modified":"2020-11-03T12:19:10","modified_gmt":"2020-11-03T11:19:10","slug":"okolje","status":"publish","type":"page","link":"https:\/\/www.lonstroff.com\/sl\/okolje","title":{"rendered":"Okolje"},"content":{"rendered":"\t\t\t<section  class=\"content-section vc_backgroundimage vc_bg_image_small   stretch-row-content vc-cover   no-margin\"  style=\"background-position:center center;background-image:url(https:\/\/www.lonstroff.com\/wp-content\/uploads\/2019\/03\/umwelt_header_1980x500-1600x417.jpg);\" >\n\n\t\t\t\t\n\t\t\t\t\n\t\t\t\t<div class=\"row  \">\n\n\t\t\t\t\t[vc_column][\/vc_column]\n\t\t\t\t<\/div>\n\n\t\t\t\t\n\t\t\t\t\n\t\t\t\n\t\t\t\n\t\t<\/section>\n\n\t\t\t\t<section  class=\"content-section      mt-30-xs mb-30-xs mt-70-md mb-70-md\"   >\n\n\t\t\t\t\n\t\t\t\t\n\t\t\t\t<div class=\"row  \">\n\n\t\t\t\t\t[vc_column width=&#8221;2\/3&#8243; offset=&#8221;vc_col-md-offset-2 vc_col-md-8&#8243;][vc_column_text]\n<h1 class=\"blue\" style=\"text-align: center\">OKOLJE<\/h1>\n[\/vc_column_text][vc_column_text]\n<p style=\"text-align: center\">Okolje varujemo z upo\u0161tevanjem zakonov in predpisov v \u017eelji prepre\u010devati kakr\u0161nokoli onesna\u017eevanje.<br \/>\nOdgovorno ravnamo z odpadki in se trudimo za njihovo stalno zmanj\u0161evanje.<\/p>\n[\/vc_column_text][\/vc_column]\n\t\t\t\t<\/div>\n\n\t\t\t\t\n\t\t\t\t\n\t\t\t\n\t\t\t\n\t\t<\/section>\n\n\t\t\t\t<section  class=\"content-section    stretch-row-content   no-margin\"   >\n\n\t\t\t\t\n\t\t\t\t\n\t\t\t\t<div class=\"row  \">\n\n\t\t\t\t\t[vc_column vc_padding_inner=&#8221;p-20-xs p-30-sm p-40-md&#8221;][ls_vc_2column_txt_bgimg vc_img_alignment=&#8221;img-right&#8221; vc_column_height=&#8221;bgimg_height&#8211;50&#8243; vc_vertical_align_element=&#8221;center&#8221; vc_padding=&#8221;p-20-md p-30-lg p-50-xl&#8221; vc_image=&#8221;707&#8243;]\n<h4 class=\"lightgrey fw-medium\">integrirani sistem upravljanja<\/h4>\n<h2 class=\"h1\">NA\u010cELA NA\u0160E OKOLJSKE POLITIKE<\/h2>\n<div>\n<div>\n<ul>\n<li>Zavezali smo se upravljati dru\u017ebo na okolju prijazen in trajnosten na\u010din<\/li>\n<li>Kjer je izvedljivo se proizvodnja odvija v skladu z okolju prijaznimi tehnologijami<\/li>\n<li>Proizvodni procesi so energijsko var\u010dni<\/li>\n<li>Proizvodnja temelji na u\u010dinkoviti rabi naravnih virov<\/li>\n<li>Na\u0161i izdelki so okolju prijazni in niso \u0161kodljivi ljudem<\/li>\n<li>I\u0161\u010demo re\u0161itve za recikliranje na\u0161ih izdelkov po uporabi<\/li>\n<li>Zaposlene izobra\u017eujemo o okoljskih temah<\/li>\n<li>Zbiramo, obdelujemo in poro\u010damo o porabi energije in virov<\/li>\n<\/ul>\n<\/div>\n<\/div>\n[\/ls_vc_2column_txt_bgimg][\/vc_column]\n\t\t\t\t<\/div>\n\n\t\t\t\t\n\t\t\t\t\n\t\t\t\n\t\t\t\n\t\t<\/section>\n\n\t\t\t\t<section  class=\"content-section    stretch-row-content   no-margin\"   >\n\n\t\t\t\t\n\t\t\t\t\n\t\t\t\t<div class=\"row  \">\n\n\t\t\t\t\t[vc_column vc_padding_inner=&#8221;p-20-xs p-30-sm p-40-md&#8221;][ls_vc_2column_txt_bgimg vc_column_height=&#8221;bgimg_height&#8211;50&#8243; vc_vertical_align_element=&#8221;center&#8221; vc_padding=&#8221;p-20-md p-30-lg p-50-xl&#8221; vc_image=&#8221;1148&#8243;]\n<h4 class=\"lightgrey fw-medium\">osredoto\u010deni smo na<\/h4>\n<h2 class=\"attribute ce_headline headline h1\">ODGOVORNOST DO OKOLJA<\/h2>\n<div class=\"ce_textarea attribute textarea\">\n<div class=\"ce_textarea attribute textarea\">\n<p>in pazljivo izbiramo dobavitelje, pri katerih je skrb za okolje vodilo, ki je uravnano z na\u0161o okoljsko politiko.<\/p>\n<\/div>\n<\/div>\n[\/ls_vc_2column_txt_bgimg][\/vc_column]\n\t\t\t\t<\/div>\n\n\t\t\t\t\n\t\t\t\t\n\t\t\t\n\t\t\t\n\t\t<\/section>\n\n\t\n","protected":false},"excerpt":{"rendered":"[vc_column][\/vc_column] [vc_column width=\"2\/3\" offset=\"vc_col-md-offset-2 vc_col-md-8\"][vc_column_text] OKOLJE [\/vc_column_text][vc_column_text] Okolje varujemo z upo\u0161tevanjem zakonov in predpisov v \u017eelji prepre\u010devati kakr\u0161nokoli onesna\u017eevanje. Odgovorno ravnamo z odpadki in se trudimo za njihovo stalno zmanj\u0161evanje. [\/vc_column_text][\/vc_column] [vc_column vc_padding_inner=\"p-20-xs p-30-sm p-40-md\"][ls_vc_2column_txt_bgimg vc_img_alignment=\"img-right\" vc_column_height=\"bgimg_height--50\" vc_vertical_align_element=\"center\" vc_padding=\"p-20-md p-30-lg p-50-xl\" vc_image=\"707\"] integrirani sistem upravljanja NA\u010cELA NA\u0160E OKOLJSKE POLITIKE Zavezali <a class=\"moretag\" href=\"https:\/\/www.lonstroff.com\/sl\/okolje\">read more...<\/a>","protected":false},"author":1,"featured_media":0,"parent":0,"menu_order":20,"comment_status":"closed","ping_status":"closed","template":"","meta":{"_acf_changed":false,"footnotes":"","_links_to":"","_links_to_target":""},"class_list":["post-1413","page","type-page","status-publish","hentry"],"acf":[],"yoast_head":"<!-- This site is optimized with the Yoast SEO plugin v27.4 - https:\/\/yoast.com\/product\/yoast-seo-wordpress\/ -->\n<title>Okolje - LONSTROFF AG<\/title>\n<meta name=\"robots\" content=\"index, follow, max-snippet:-1, max-image-preview:large, max-video-preview:-1\" \/>\n<link rel=\"canonical\" href=\"https:\/\/www.lonstroff.com\/sl\/okolje\" \/>\n<meta property=\"og:locale\" content=\"sl_SI\" \/>\n<meta property=\"og:type\" content=\"article\" \/>\n<meta property=\"og:title\" content=\"Okolje - LONSTROFF AG\" \/>\n<meta property=\"og:url\" content=\"https:\/\/www.lonstroff.com\/sl\/okolje\" \/>\n<meta property=\"og:site_name\" content=\"LONSTROFF AG\" \/>\n<meta property=\"article:modified_time\" content=\"2020-11-03T11:19:10+00:00\" \/>\n<meta name=\"twitter:card\" content=\"summary_large_image\" \/>\n<meta name=\"twitter:label1\" content=\"Est. reading time\" \/>\n\t<meta name=\"twitter:data1\" content=\"2 minuti\" \/>\n<script type=\"application\/ld+json\" class=\"yoast-schema-graph\">{\"@context\":\"https:\\\/\\\/schema.org\",\"@graph\":[{\"@type\":\"WebPage\",\"@id\":\"https:\\\/\\\/www.lonstroff.com\\\/sl\\\/okolje\",\"url\":\"https:\\\/\\\/www.lonstroff.com\\\/sl\\\/okolje\",\"name\":\"Okolje - LONSTROFF AG\",\"isPartOf\":{\"@id\":\"https:\\\/\\\/www.lonstroff.com\\\/#website\"},\"datePublished\":\"2019-02-13T12:25:06+00:00\",\"dateModified\":\"2020-11-03T11:19:10+00:00\",\"breadcrumb\":{\"@id\":\"https:\\\/\\\/www.lonstroff.com\\\/sl\\\/okolje#breadcrumb\"},\"inLanguage\":\"sl-SI\",\"potentialAction\":[{\"@type\":\"ReadAction\",\"target\":[\"https:\\\/\\\/www.lonstroff.com\\\/sl\\\/okolje\"]}]},{\"@type\":\"BreadcrumbList\",\"@id\":\"https:\\\/\\\/www.lonstroff.com\\\/sl\\\/okolje#breadcrumb\",\"itemListElement\":[{\"@type\":\"ListItem\",\"position\":1,\"name\":\"Startseite\",\"item\":\"https:\\\/\\\/www.lonstroff.com\\\/sl\"},{\"@type\":\"ListItem\",\"position\":2,\"name\":\"Okolje\"}]},{\"@type\":\"WebSite\",\"@id\":\"https:\\\/\\\/www.lonstroff.com\\\/#website\",\"url\":\"https:\\\/\\\/www.lonstroff.com\\\/\",\"name\":\"LONSTROFF AG\",\"description\":\"\",\"potentialAction\":[{\"@type\":\"SearchAction\",\"target\":{\"@type\":\"EntryPoint\",\"urlTemplate\":\"https:\\\/\\\/www.lonstroff.com\\\/?s={search_term_string}\"},\"query-input\":{\"@type\":\"PropertyValueSpecification\",\"valueRequired\":true,\"valueName\":\"search_term_string\"}}],\"inLanguage\":\"sl-SI\"}]}<\/script>\n<!-- \/ Yoast SEO plugin. -->","yoast_head_json":{"title":"Okolje - LONSTROFF AG","robots":{"index":"index","follow":"follow","max-snippet":"max-snippet:-1","max-image-preview":"max-image-preview:large","max-video-preview":"max-video-preview:-1"},"canonical":"https:\/\/www.lonstroff.com\/sl\/okolje","og_locale":"sl_SI","og_type":"article","og_title":"Okolje - LONSTROFF AG","og_url":"https:\/\/www.lonstroff.com\/sl\/okolje","og_site_name":"LONSTROFF AG","article_modified_time":"2020-11-03T11:19:10+00:00","twitter_card":"summary_large_image","twitter_misc":{"Est. reading time":"2 minuti"},"schema":{"@context":"https:\/\/schema.org","@graph":[{"@type":"WebPage","@id":"https:\/\/www.lonstroff.com\/sl\/okolje","url":"https:\/\/www.lonstroff.com\/sl\/okolje","name":"Okolje - LONSTROFF AG","isPartOf":{"@id":"https:\/\/www.lonstroff.com\/#website"},"datePublished":"2019-02-13T12:25:06+00:00","dateModified":"2020-11-03T11:19:10+00:00","breadcrumb":{"@id":"https:\/\/www.lonstroff.com\/sl\/okolje#breadcrumb"},"inLanguage":"sl-SI","potentialAction":[{"@type":"ReadAction","target":["https:\/\/www.lonstroff.com\/sl\/okolje"]}]},{"@type":"BreadcrumbList","@id":"https:\/\/www.lonstroff.com\/sl\/okolje#breadcrumb","itemListElement":[{"@type":"ListItem","position":1,"name":"Startseite","item":"https:\/\/www.lonstroff.com\/sl"},{"@type":"ListItem","position":2,"name":"Okolje"}]},{"@type":"WebSite","@id":"https:\/\/www.lonstroff.com\/#website","url":"https:\/\/www.lonstroff.com\/","name":"LONSTROFF AG","description":"","potentialAction":[{"@type":"SearchAction","target":{"@type":"EntryPoint","urlTemplate":"https:\/\/www.lonstroff.com\/?s={search_term_string}"},"query-input":{"@type":"PropertyValueSpecification","valueRequired":true,"valueName":"search_term_string"}}],"inLanguage":"sl-SI"}]}},"_links":{"self":[{"href":"https:\/\/www.lonstroff.com\/sl\/wp-json\/wp\/v2\/pages\/1413","targetHints":{"allow":["GET"]}}],"collection":[{"href":"https:\/\/www.lonstroff.com\/sl\/wp-json\/wp\/v2\/pages"}],"about":[{"href":"https:\/\/www.lonstroff.com\/sl\/wp-json\/wp\/v2\/types\/page"}],"author":[{"embeddable":true,"href":"https:\/\/www.lonstroff.com\/sl\/wp-json\/wp\/v2\/users\/1"}],"replies":[{"embeddable":true,"href":"https:\/\/www.lonstroff.com\/sl\/wp-json\/wp\/v2\/comments?post=1413"}],"version-history":[{"count":18,"href":"https:\/\/www.lonstroff.com\/sl\/wp-json\/wp\/v2\/pages\/1413\/revisions"}],"predecessor-version":[{"id":2253,"href":"https:\/\/www.lonstroff.com\/sl\/wp-json\/wp\/v2\/pages\/1413\/revisions\/2253"}],"wp:attachment":[{"href":"https:\/\/www.lonstroff.com\/sl\/wp-json\/wp\/v2\/media?parent=1413"}],"curies":[{"name":"wp","href":"https:\/\/api.w.org\/{rel}","templated":true}]}}