{"id":1403,"date":"2019-02-13T13:25:06","date_gmt":"2019-02-13T12:25:06","guid":{"rendered":"http:\/\/lonstroff.lake-studio.de\/qualitaet"},"modified":"2024-04-08T15:50:52","modified_gmt":"2024-04-08T13:50:52","slug":"kakovost","status":"publish","type":"page","link":"https:\/\/www.lonstroff.com\/sl\/kakovost","title":{"rendered":"Kakovost"},"content":{"rendered":"\t\t\t<section  class=\"content-section vc_backgroundimage vc_bg_image_small   stretch-row-content vc-cover   no-margin\"  style=\"background-position:center center;background-image:url(https:\/\/www.lonstroff.com\/wp-content\/uploads\/2019\/03\/qualitaet-1600x1068.jpg);\" >\n\n\t\t\t\t\n\t\t\t\t\n\t\t\t\t<div class=\"row  \">\n\n\t\t\t\t\t[vc_column][\/vc_column]\n\t\t\t\t<\/div>\n\n\t\t\t\t\n\t\t\t\t\n\t\t\t\n\t\t\t\n\t\t<\/section>\n\n\t\t\t\t<section  class=\"content-section      mt-30-xs mb-30-xs mt-70-md mb-70-md\"   >\n\n\t\t\t\t\n\t\t\t\t\n\t\t\t\t<div class=\"row  \">\n\n\t\t\t\t\t[vc_column width=&#8221;2\/3&#8243; offset=&#8221;vc_col-md-offset-2 vc_col-md-8&#8243;][vc_column_text]\n<div data-animate=\"fadeInUp\">\n<h1 class=\"mt-default mb-xl mt-default-s mt-default-s blue\" style=\"text-align: center\"><span class=\"color-accent\">VARNOST IN KAKOVOST<\/span><\/h1>\n<\/div>\n<div style=\"text-align: center\" data-animate=\"fadeInUp\">\n<h2>Certificirani za\u00a0ISO 9001, ISO 14001\u00a0in ISO 15378<\/h2>\n<\/div>\n<div data-animate=\"fadeInUp\">\n<p style=\"text-align: center\">Zagotavljanje kakovosti skladno s pridobljenimi standardi je za nas in na\u0161e naro\u010dnike klju\u010dnega pomena zato jih strogo izpolnjujemo.<\/p>\n<\/div>\n[\/vc_column_text][\/vc_column]\n\t\t\t\t<\/div>\n\n\t\t\t\t\n\t\t\t\t\n\t\t\t\n\t\t\t\n\t\t<\/section>\n\n\t\t\t\t<section  class=\"content-section      mb-20-xs mb-30-sm\"   >\n\n\t\t\t\t\n\t\t\t\t\n\t\t\t\t<div class=\"row  \">\n\n\t\t\t\t\t[vc_column width=&#8221;1\/2&#8243;][vc_single_image img_size=&#8221;large&#8221; onclick=&#8221;custom_link&#8221; img_link_target=&#8221;_blank&#8221; image=&#8221;2220&#8243; link=&#8221;https:\/\/www.lonstroff.com\/wp-content\/uploads\/2019\/02\/Lonstrof-doo_9001_14001_2020.pdf&#8221;][\/vc_column][vc_column width=&#8221;1\/2&#8243;][vc_single_image img_size=&#8221;large&#8221; onclick=&#8221;custom_link&#8221; img_link_target=&#8221;_blank&#8221; image=&#8221;2223&#8243; link=&#8221;https:\/\/www.lonstroff.com\/wp-content\/uploads\/2019\/02\/Lonstroff-doo_15378_2020.pdf&#8221;][\/vc_column]\n\t\t\t\t<\/div>\n\n\t\t\t\t\n\t\t\t\t\n\t\t\t\n\t\t\t\n\t\t<\/section>\n\n\t\t\t\t<section  class=\"content-section    stretch-row-content   no-margin\"   >\n\n\t\t\t\t\n\t\t\t\t\n\t\t\t\t<div class=\"row  \">\n\n\t\t\t\t\t[vc_column vc_padding_inner=&#8221;p-20-xs p-30-sm p-40-md&#8221;][ls_vc_2column_txt_bgimg vc_column_height=&#8221;bgimg_height&#8211;50&#8243; vc_vertical_align_element=&#8221;center&#8221; vc_padding=&#8221;p-20-md p-30-lg p-50-xl&#8221; vc_image=&#8221;693&#8243;]\n<h5>Dobra proizvodna praksa po priporo\u010dilih WHO<\/h5>\n<p>pri proizvodnji elastomernih zama\u0161kov (kontrola serij, kakovosti med procesom, doslednost receptur, karantena, dokumentacija, sledljivost in\u00a0\u010distost).<\/p>\n<h5>Testiranje temelji na uradnih smernicah standardov veljavne farmakopeje<\/h5>\n<p>temeljni dokument je Monograph IX, 3.2.9 evropske farmakopeje; glede na ciljno dr\u017eavo uporabe je izdelek testiran tudi v skladu s standardi te dr\u017eave.<\/p>\n<h5>Nenehno izbolj\u0161evanje procesa<\/h5>\n<p>Z nedvoumno podporo zaposlenih nenehno izbolj\u0161ujemo na\u0161e zmogljivosti in procese.<\/p>\n[\/ls_vc_2column_txt_bgimg][\/vc_column]\n\t\t\t\t<\/div>\n\n\t\t\t\t\n\t\t\t\t\n\t\t\t\n\t\t\t\n\t\t<\/section>\n\n\t\t\t\t<section  class=\"content-section    stretch-row-content   no-margin\"   >\n\n\t\t\t\t\n\t\t\t\t\n\t\t\t\t<div class=\"row  \">\n\n\t\t\t\t\t[vc_column vc_padding_inner=&#8221;p-20-xs p-30-sm p-40-md&#8221;][ls_vc_2column_txt_bgimg vc_img_alignment=&#8221;img-right&#8221; vc_column_height=&#8221;bgimg_height&#8211;50&#8243; vc_vertical_align_element=&#8221;center&#8221; vc_padding=&#8221;p-20-md p-30-lg p-50-xl&#8221; vc_image=&#8221;695&#8243;]\n<h5>Upravljanje sprememb v farmacevtski industriji<\/h5>\n<p>upo\u0161tevajo\u010d proizvodni proces in doslednost receptur; vsaka potrebna sprememba v procesu izdelave izdelka je sporo\u010dena in usklajena z naro\u010dnikom, dokumentirana in se ne implementira brez njihove izrecne privolitve.<\/p>\n<h5>Standardni operativni postopki<\/h5>\n<p>Vse procesne parametre, ki se nana\u0161ajo na kakovost je potrebno dokumentirati v internih operativnih postopkih oziroma proizvodnih navodilih, kot so standardni operativni postopki (SOP) za me\u0161alni proces, vulkanizacijo, izsekovanje, pranje in pakiranje.<\/p>\n<h5>Tesno sodelovanje z naro\u010dniki, ki temelji na oceni napak po ocenjevalnih kriterijih<\/h5>\n<p>Statisti\u010dna ocena napak za\u00a0elastomerne izdelke<br \/>\nEditio Cantor Mark 20[\/ls_vc_2column_txt_bgimg][\/vc_column]\n\t\t\t\t<\/div>\n\n\t\t\t\t\n\t\t\t\t\n\t\t\t\n\t\t\t\n\t\t<\/section>\n\n\t\n","protected":false},"excerpt":{"rendered":"[vc_column][\/vc_column] [vc_column width=\"2\/3\" offset=\"vc_col-md-offset-2 vc_col-md-8\"][vc_column_text] VARNOST IN KAKOVOST Certificirani za\u00a0ISO 9001, ISO 14001\u00a0in ISO 15378 Zagotavljanje kakovosti skladno s pridobljenimi standardi je za nas in na\u0161e naro\u010dnike klju\u010dnega pomena zato jih strogo izpolnjujemo. [\/vc_column_text][\/vc_column] [vc_column width=\"1\/2\"][vc_single_image img_size=\"large\" onclick=\"custom_link\" img_link_target=\"_blank\" image=\"2220\" link=\"https:\/\/www.lonstroff.com\/wp-content\/uploads\/2019\/02\/Lonstrof-doo_9001_14001_2020.pdf\"][\/vc_column][vc_column width=\"1\/2\"][vc_single_image img_size=\"large\" onclick=\"custom_link\" img_link_target=\"_blank\" image=\"2223\" link=\"https:\/\/www.lonstroff.com\/wp-content\/uploads\/2019\/02\/Lonstroff-doo_15378_2020.pdf\"][\/vc_column] [vc_column vc_padding_inner=\"p-20-xs p-30-sm <a class=\"moretag\" href=\"https:\/\/www.lonstroff.com\/sl\/kakovost\">read more...<\/a>","protected":false},"author":1,"featured_media":0,"parent":0,"menu_order":19,"comment_status":"closed","ping_status":"closed","template":"","meta":{"_acf_changed":false,"footnotes":"","_links_to":"","_links_to_target":""},"class_list":["post-1403","page","type-page","status-publish","hentry"],"acf":[],"yoast_head":"<!-- This site is optimized with the Yoast SEO plugin v27.4 - https:\/\/yoast.com\/product\/yoast-seo-wordpress\/ -->\n<title>Kakovost - LONSTROFF AG<\/title>\n<meta name=\"robots\" content=\"index, follow, max-snippet:-1, max-image-preview:large, max-video-preview:-1\" \/>\n<link rel=\"canonical\" href=\"https:\/\/www.lonstroff.com\/sl\/kakovost\" \/>\n<meta property=\"og:locale\" content=\"sl_SI\" \/>\n<meta property=\"og:type\" content=\"article\" \/>\n<meta property=\"og:title\" content=\"Kakovost - LONSTROFF AG\" \/>\n<meta property=\"og:url\" content=\"https:\/\/www.lonstroff.com\/sl\/kakovost\" \/>\n<meta property=\"og:site_name\" content=\"LONSTROFF AG\" \/>\n<meta property=\"article:modified_time\" content=\"2024-04-08T13:50:52+00:00\" \/>\n<meta name=\"twitter:card\" content=\"summary_large_image\" \/>\n<meta name=\"twitter:label1\" content=\"Est. reading time\" \/>\n\t<meta name=\"twitter:data1\" content=\"3 minute\" \/>\n<script type=\"application\/ld+json\" class=\"yoast-schema-graph\">{\"@context\":\"https:\\\/\\\/schema.org\",\"@graph\":[{\"@type\":\"WebPage\",\"@id\":\"https:\\\/\\\/www.lonstroff.com\\\/sl\\\/kakovost\",\"url\":\"https:\\\/\\\/www.lonstroff.com\\\/sl\\\/kakovost\",\"name\":\"Kakovost - LONSTROFF AG\",\"isPartOf\":{\"@id\":\"https:\\\/\\\/www.lonstroff.com\\\/#website\"},\"datePublished\":\"2019-02-13T12:25:06+00:00\",\"dateModified\":\"2024-04-08T13:50:52+00:00\",\"breadcrumb\":{\"@id\":\"https:\\\/\\\/www.lonstroff.com\\\/sl\\\/kakovost#breadcrumb\"},\"inLanguage\":\"sl-SI\",\"potentialAction\":[{\"@type\":\"ReadAction\",\"target\":[\"https:\\\/\\\/www.lonstroff.com\\\/sl\\\/kakovost\"]}]},{\"@type\":\"BreadcrumbList\",\"@id\":\"https:\\\/\\\/www.lonstroff.com\\\/sl\\\/kakovost#breadcrumb\",\"itemListElement\":[{\"@type\":\"ListItem\",\"position\":1,\"name\":\"Startseite\",\"item\":\"https:\\\/\\\/www.lonstroff.com\\\/sl\"},{\"@type\":\"ListItem\",\"position\":2,\"name\":\"Kakovost\"}]},{\"@type\":\"WebSite\",\"@id\":\"https:\\\/\\\/www.lonstroff.com\\\/#website\",\"url\":\"https:\\\/\\\/www.lonstroff.com\\\/\",\"name\":\"LONSTROFF AG\",\"description\":\"\",\"potentialAction\":[{\"@type\":\"SearchAction\",\"target\":{\"@type\":\"EntryPoint\",\"urlTemplate\":\"https:\\\/\\\/www.lonstroff.com\\\/?s={search_term_string}\"},\"query-input\":{\"@type\":\"PropertyValueSpecification\",\"valueRequired\":true,\"valueName\":\"search_term_string\"}}],\"inLanguage\":\"sl-SI\"}]}<\/script>\n<!-- \/ Yoast SEO plugin. -->","yoast_head_json":{"title":"Kakovost - LONSTROFF AG","robots":{"index":"index","follow":"follow","max-snippet":"max-snippet:-1","max-image-preview":"max-image-preview:large","max-video-preview":"max-video-preview:-1"},"canonical":"https:\/\/www.lonstroff.com\/sl\/kakovost","og_locale":"sl_SI","og_type":"article","og_title":"Kakovost - LONSTROFF AG","og_url":"https:\/\/www.lonstroff.com\/sl\/kakovost","og_site_name":"LONSTROFF AG","article_modified_time":"2024-04-08T13:50:52+00:00","twitter_card":"summary_large_image","twitter_misc":{"Est. reading time":"3 minute"},"schema":{"@context":"https:\/\/schema.org","@graph":[{"@type":"WebPage","@id":"https:\/\/www.lonstroff.com\/sl\/kakovost","url":"https:\/\/www.lonstroff.com\/sl\/kakovost","name":"Kakovost - LONSTROFF AG","isPartOf":{"@id":"https:\/\/www.lonstroff.com\/#website"},"datePublished":"2019-02-13T12:25:06+00:00","dateModified":"2024-04-08T13:50:52+00:00","breadcrumb":{"@id":"https:\/\/www.lonstroff.com\/sl\/kakovost#breadcrumb"},"inLanguage":"sl-SI","potentialAction":[{"@type":"ReadAction","target":["https:\/\/www.lonstroff.com\/sl\/kakovost"]}]},{"@type":"BreadcrumbList","@id":"https:\/\/www.lonstroff.com\/sl\/kakovost#breadcrumb","itemListElement":[{"@type":"ListItem","position":1,"name":"Startseite","item":"https:\/\/www.lonstroff.com\/sl"},{"@type":"ListItem","position":2,"name":"Kakovost"}]},{"@type":"WebSite","@id":"https:\/\/www.lonstroff.com\/#website","url":"https:\/\/www.lonstroff.com\/","name":"LONSTROFF AG","description":"","potentialAction":[{"@type":"SearchAction","target":{"@type":"EntryPoint","urlTemplate":"https:\/\/www.lonstroff.com\/?s={search_term_string}"},"query-input":{"@type":"PropertyValueSpecification","valueRequired":true,"valueName":"search_term_string"}}],"inLanguage":"sl-SI"}]}},"_links":{"self":[{"href":"https:\/\/www.lonstroff.com\/sl\/wp-json\/wp\/v2\/pages\/1403","targetHints":{"allow":["GET"]}}],"collection":[{"href":"https:\/\/www.lonstroff.com\/sl\/wp-json\/wp\/v2\/pages"}],"about":[{"href":"https:\/\/www.lonstroff.com\/sl\/wp-json\/wp\/v2\/types\/page"}],"author":[{"embeddable":true,"href":"https:\/\/www.lonstroff.com\/sl\/wp-json\/wp\/v2\/users\/1"}],"replies":[{"embeddable":true,"href":"https:\/\/www.lonstroff.com\/sl\/wp-json\/wp\/v2\/comments?post=1403"}],"version-history":[{"count":13,"href":"https:\/\/www.lonstroff.com\/sl\/wp-json\/wp\/v2\/pages\/1403\/revisions"}],"predecessor-version":[{"id":2948,"href":"https:\/\/www.lonstroff.com\/sl\/wp-json\/wp\/v2\/pages\/1403\/revisions\/2948"}],"wp:attachment":[{"href":"https:\/\/www.lonstroff.com\/sl\/wp-json\/wp\/v2\/media?parent=1403"}],"curies":[{"name":"wp","href":"https:\/\/api.w.org\/{rel}","templated":true}]}}