{"id":1395,"date":"2019-02-13T13:25:06","date_gmt":"2019-02-13T12:25:06","guid":{"rendered":"http:\/\/lonstroff.lake-studio.de\/technologie"},"modified":"2019-03-29T09:02:39","modified_gmt":"2019-03-29T08:02:39","slug":"tehnologija","status":"publish","type":"page","link":"https:\/\/www.lonstroff.com\/sl\/tehnologija","title":{"rendered":"Tehnologija"},"content":{"rendered":"\t\t\t<section  class=\"content-section vc_backgroundimage vc_bg_image_small   stretch-row-content vc-cover   no-margin\"  style=\"background-position:center center;background-image:url(https:\/\/www.lonstroff.com\/wp-content\/uploads\/2019\/03\/technologie-1600x1068.jpg);\" >\n\n\t\t\t\t\n\t\t\t\t\n\t\t\t\t<div class=\"row  \">\n\n\t\t\t\t\t[vc_column][\/vc_column]\n\t\t\t\t<\/div>\n\n\t\t\t\t\n\t\t\t\t\n\t\t\t\n\t\t\t\n\t\t<\/section>\n\n\t\t\t\t<section  class=\"content-section      mt-30-xs mb-30-xs mt-70-md mb-70-md\"   >\n\n\t\t\t\t\n\t\t\t\t\n\t\t\t\t<div class=\"row  \">\n\n\t\t\t\t\t[vc_column width=&#8221;2\/3&#8243; vc_padding_multi=&#8221;&#8221; vc_align_elements=&#8221;&#8221; vc_rwd_column=&#8221;&#8221; offset=&#8221;vc_col-md-offset-2 vc_col-md-8&#8243;][vc_column_text]\n<h1 class=\"mt-default mb-xl mt-default-s mt-default-s blue\" style=\"text-align: center\"><span class=\"color-accent\">U\u010cINKOVIT PROIZVODNI PROCES<\/span><\/h1>\n[\/vc_column_text][vc_column_text]\n<div data-animate=\"fadeInUp\">\n<div>\n<p style=\"text-align: center\">Proizvodnja elastomerne\u00a0zmesi poteka v ve\u010d stopnjah, v katerih so vnaprej dolo\u010dene podrobne\u00a0recepture in postopki obratovanja. Izdelke iz gume proizvajamo po lastnih recepturah kot tudi iz trdne silikonske gume.<\/p>\n<\/div>\n<\/div>\n[\/vc_column_text][\/vc_column]\n\t\t\t\t<\/div>\n\n\t\t\t\t\n\t\t\t\t\n\t\t\t\n\t\t\t\n\t\t<\/section>\n\n\t\t\t\t<section  class=\"content-section    stretch-row-content   no-margin\"   >\n\n\t\t\t\t\n\t\t\t\t\n\t\t\t\t<div class=\"row  \">\n\n\t\t\t\t\t[vc_column vc_padding_inner=&#8221;p-20-xs p-30-sm p-40-md&#8221;][ls_vc_2column_txt_bgimg vc_img_alignment=&#8221;img-right&#8221; vc_column_height=&#8221;bgimg_height&#8211;50&#8243; vc_vertical_align_element=&#8221;center&#8221; vc_padding=&#8221;p-20-md p-30-lg p-50-xl&#8221; vc_image=&#8221;654&#8243;]\n<h4 class=\"lightgrey fw-medium\">popolna zmes<\/h4>\n<h2 class=\"attribute ce_headline headline h1\">ME\u0160ANJE<\/h2>\n<div class=\"ce_textarea attribute textarea\">\n<div class=\"ce_textarea attribute textarea\">\n<p>V procesu me\u0161anja uporabljamo samo preizku\u0161ene in odobrene surovine. Polimeri, polnila in druge surovine so natan\u010dno stehtani skladno\u00a0z recepturo, sam postopek me\u0161anja pa je natan\u010dno opisan za vsako zmes.<\/p>\n<\/div>\n<\/div>\n[\/ls_vc_2column_txt_bgimg][\/vc_column]\n\t\t\t\t<\/div>\n\n\t\t\t\t\n\t\t\t\t\n\t\t\t\n\t\t\t\n\t\t<\/section>\n\n\t\t\t\t<section  class=\"content-section    stretch-row-content   no-margin\"   >\n\n\t\t\t\t\n\t\t\t\t\n\t\t\t\t<div class=\"row  \">\n\n\t\t\t\t\t[vc_column vc_padding_inner=&#8221;p-20-xs p-30-sm p-40-md&#8221;][ls_vc_2column_txt_bgimg vc_column_height=&#8221;bgimg_height&#8211;50&#8243; vc_vertical_align_element=&#8221;center&#8221; vc_padding=&#8221;p-20-md p-30-lg p-50-xl&#8221; vc_image=&#8221;656&#8243;]\n<h4 class=\"lightgrey fw-medium\">razli\u010dni na\u010dini<\/h4>\n<h2 class=\"attribute ce_headline headline h1\">OBLIKOVANJE<\/h2>\n<div class=\"ce_textarea attribute textarea\">\n<div class=\"ce_textarea attribute textarea\">\n<p>Za oblikovanje kon\u010dnih izdelkov, odvisno od proizvodnega procesa se gumena zmes vulkanizira v kompresijskih stiskalnicah, injekcijskih stiskalnicah ali se preoblikuje v vle\u010deno plo\u0161\u010do na kalandru.\u00a0Vulkanizacija preoblikuje zmes iz plasti\u010dnega stanja v trajno elasti\u010dni material.<\/p>\n<\/div>\n<\/div>\n[\/ls_vc_2column_txt_bgimg][\/vc_column]\n\t\t\t\t<\/div>\n\n\t\t\t\t\n\t\t\t\t\n\t\t\t\n\t\t\t\n\t\t<\/section>\n\n\t\t\t\t<section  class=\"content-section    stretch-row-content   no-margin\"   >\n\n\t\t\t\t\n\t\t\t\t\n\t\t\t\t<div class=\"row  \">\n\n\t\t\t\t\t[vc_column vc_padding_inner=&#8221;p-20-xs p-30-sm p-40-md&#8221;][ls_vc_2column_txt_bgimg vc_img_alignment=&#8221;img-right&#8221; vc_column_height=&#8221;bgimg_height&#8211;50&#8243; vc_vertical_align_element=&#8221;center&#8221; vc_padding=&#8221;p-20-md p-30-lg p-50-xl&#8221; vc_image=&#8221;611&#8243;]\n<h4 class=\"lightgrey fw-medium\">skladno z najvi\u0161jimi standardi \u010distosti<\/h4>\n<h2 class=\"attribute ce_headline headline h1\">KON\u010cNA OBDELAVA<\/h2>\n<div class=\"ce_textarea attribute textarea\">\n<div class=\"ce_textarea attribute textarea\">\n<p>V postopku kon\u010dne obdelave iz vulkaniziranih plo\u0161\u010d izre\u017eemo izdelke s pomo\u010djo preciznih izsekovalnih orodij. Medicinski izdelki in izdelki za primarno pakiranje farmacevtske industrije so oprani z izjemno \u010disto vodo, ki je primerna za intravenozno injiciranje. Izdelki so nato pakirani v \u010disti sobi razreda 5 (Class 5). Za potrditev ustreznosti izdelkov se pred pakiranjem opravijo razli\u010dna laboratorijska testiranja.<\/p>\n<\/div>\n<\/div>\n[\/ls_vc_2column_txt_bgimg][\/vc_column]\n\t\t\t\t<\/div>\n\n\t\t\t\t\n\t\t\t\t\n\t\t\t\n\t\t\t\n\t\t<\/section>\n\n\t\n","protected":false},"excerpt":{"rendered":"[vc_column][\/vc_column] [vc_column width=\"2\/3\" vc_padding_multi=\"\" vc_align_elements=\"\" vc_rwd_column=\"\" offset=\"vc_col-md-offset-2 vc_col-md-8\"][vc_column_text] U\u010cINKOVIT PROIZVODNI PROCES [\/vc_column_text][vc_column_text] Proizvodnja elastomerne\u00a0zmesi poteka v ve\u010d stopnjah, v katerih so vnaprej dolo\u010dene podrobne\u00a0recepture in postopki obratovanja. Izdelke iz gume proizvajamo po lastnih recepturah kot tudi iz trdne silikonske gume. [\/vc_column_text][\/vc_column] [vc_column vc_padding_inner=\"p-20-xs p-30-sm p-40-md\"][ls_vc_2column_txt_bgimg vc_img_alignment=\"img-right\" vc_column_height=\"bgimg_height--50\" vc_vertical_align_element=\"center\" vc_padding=\"p-20-md p-30-lg <a class=\"moretag\" href=\"https:\/\/www.lonstroff.com\/sl\/tehnologija\">read more...<\/a>","protected":false},"author":1,"featured_media":0,"parent":0,"menu_order":18,"comment_status":"closed","ping_status":"closed","template":"","meta":{"_acf_changed":false,"footnotes":"","_links_to":"","_links_to_target":""},"class_list":["post-1395","page","type-page","status-publish","hentry"],"acf":[],"yoast_head":"<!-- This site is optimized with the Yoast SEO plugin v27.4 - https:\/\/yoast.com\/product\/yoast-seo-wordpress\/ -->\n<title>Tehnologija - LONSTROFF AG<\/title>\n<meta name=\"robots\" content=\"index, follow, max-snippet:-1, max-image-preview:large, max-video-preview:-1\" \/>\n<link rel=\"canonical\" href=\"https:\/\/www.lonstroff.com\/sl\/tehnologija\" \/>\n<meta property=\"og:locale\" content=\"sl_SI\" \/>\n<meta property=\"og:type\" content=\"article\" \/>\n<meta property=\"og:title\" content=\"Tehnologija - LONSTROFF AG\" \/>\n<meta property=\"og:url\" content=\"https:\/\/www.lonstroff.com\/sl\/tehnologija\" \/>\n<meta property=\"og:site_name\" content=\"LONSTROFF AG\" \/>\n<meta property=\"article:modified_time\" content=\"2019-03-29T08:02:39+00:00\" \/>\n<meta name=\"twitter:card\" content=\"summary_large_image\" \/>\n<meta name=\"twitter:label1\" content=\"Est. reading time\" \/>\n\t<meta name=\"twitter:data1\" content=\"2 minuti\" \/>\n<script type=\"application\/ld+json\" class=\"yoast-schema-graph\">{\"@context\":\"https:\\\/\\\/schema.org\",\"@graph\":[{\"@type\":\"WebPage\",\"@id\":\"https:\\\/\\\/www.lonstroff.com\\\/sl\\\/tehnologija\",\"url\":\"https:\\\/\\\/www.lonstroff.com\\\/sl\\\/tehnologija\",\"name\":\"Tehnologija - LONSTROFF AG\",\"isPartOf\":{\"@id\":\"https:\\\/\\\/www.lonstroff.com\\\/#website\"},\"datePublished\":\"2019-02-13T12:25:06+00:00\",\"dateModified\":\"2019-03-29T08:02:39+00:00\",\"breadcrumb\":{\"@id\":\"https:\\\/\\\/www.lonstroff.com\\\/sl\\\/tehnologija#breadcrumb\"},\"inLanguage\":\"sl-SI\",\"potentialAction\":[{\"@type\":\"ReadAction\",\"target\":[\"https:\\\/\\\/www.lonstroff.com\\\/sl\\\/tehnologija\"]}]},{\"@type\":\"BreadcrumbList\",\"@id\":\"https:\\\/\\\/www.lonstroff.com\\\/sl\\\/tehnologija#breadcrumb\",\"itemListElement\":[{\"@type\":\"ListItem\",\"position\":1,\"name\":\"Startseite\",\"item\":\"https:\\\/\\\/www.lonstroff.com\\\/sl\"},{\"@type\":\"ListItem\",\"position\":2,\"name\":\"Tehnologija\"}]},{\"@type\":\"WebSite\",\"@id\":\"https:\\\/\\\/www.lonstroff.com\\\/#website\",\"url\":\"https:\\\/\\\/www.lonstroff.com\\\/\",\"name\":\"LONSTROFF AG\",\"description\":\"\",\"potentialAction\":[{\"@type\":\"SearchAction\",\"target\":{\"@type\":\"EntryPoint\",\"urlTemplate\":\"https:\\\/\\\/www.lonstroff.com\\\/?s={search_term_string}\"},\"query-input\":{\"@type\":\"PropertyValueSpecification\",\"valueRequired\":true,\"valueName\":\"search_term_string\"}}],\"inLanguage\":\"sl-SI\"}]}<\/script>\n<!-- \/ Yoast SEO plugin. -->","yoast_head_json":{"title":"Tehnologija - LONSTROFF AG","robots":{"index":"index","follow":"follow","max-snippet":"max-snippet:-1","max-image-preview":"max-image-preview:large","max-video-preview":"max-video-preview:-1"},"canonical":"https:\/\/www.lonstroff.com\/sl\/tehnologija","og_locale":"sl_SI","og_type":"article","og_title":"Tehnologija - LONSTROFF AG","og_url":"https:\/\/www.lonstroff.com\/sl\/tehnologija","og_site_name":"LONSTROFF AG","article_modified_time":"2019-03-29T08:02:39+00:00","twitter_card":"summary_large_image","twitter_misc":{"Est. reading time":"2 minuti"},"schema":{"@context":"https:\/\/schema.org","@graph":[{"@type":"WebPage","@id":"https:\/\/www.lonstroff.com\/sl\/tehnologija","url":"https:\/\/www.lonstroff.com\/sl\/tehnologija","name":"Tehnologija - LONSTROFF AG","isPartOf":{"@id":"https:\/\/www.lonstroff.com\/#website"},"datePublished":"2019-02-13T12:25:06+00:00","dateModified":"2019-03-29T08:02:39+00:00","breadcrumb":{"@id":"https:\/\/www.lonstroff.com\/sl\/tehnologija#breadcrumb"},"inLanguage":"sl-SI","potentialAction":[{"@type":"ReadAction","target":["https:\/\/www.lonstroff.com\/sl\/tehnologija"]}]},{"@type":"BreadcrumbList","@id":"https:\/\/www.lonstroff.com\/sl\/tehnologija#breadcrumb","itemListElement":[{"@type":"ListItem","position":1,"name":"Startseite","item":"https:\/\/www.lonstroff.com\/sl"},{"@type":"ListItem","position":2,"name":"Tehnologija"}]},{"@type":"WebSite","@id":"https:\/\/www.lonstroff.com\/#website","url":"https:\/\/www.lonstroff.com\/","name":"LONSTROFF AG","description":"","potentialAction":[{"@type":"SearchAction","target":{"@type":"EntryPoint","urlTemplate":"https:\/\/www.lonstroff.com\/?s={search_term_string}"},"query-input":{"@type":"PropertyValueSpecification","valueRequired":true,"valueName":"search_term_string"}}],"inLanguage":"sl-SI"}]}},"_links":{"self":[{"href":"https:\/\/www.lonstroff.com\/sl\/wp-json\/wp\/v2\/pages\/1395","targetHints":{"allow":["GET"]}}],"collection":[{"href":"https:\/\/www.lonstroff.com\/sl\/wp-json\/wp\/v2\/pages"}],"about":[{"href":"https:\/\/www.lonstroff.com\/sl\/wp-json\/wp\/v2\/types\/page"}],"author":[{"embeddable":true,"href":"https:\/\/www.lonstroff.com\/sl\/wp-json\/wp\/v2\/users\/1"}],"replies":[{"embeddable":true,"href":"https:\/\/www.lonstroff.com\/sl\/wp-json\/wp\/v2\/comments?post=1395"}],"version-history":[{"count":7,"href":"https:\/\/www.lonstroff.com\/sl\/wp-json\/wp\/v2\/pages\/1395\/revisions"}],"predecessor-version":[{"id":1502,"href":"https:\/\/www.lonstroff.com\/sl\/wp-json\/wp\/v2\/pages\/1395\/revisions\/1502"}],"wp:attachment":[{"href":"https:\/\/www.lonstroff.com\/sl\/wp-json\/wp\/v2\/media?parent=1395"}],"curies":[{"name":"wp","href":"https:\/\/api.w.org\/{rel}","templated":true}]}}