{"id":1341,"date":"2019-02-13T13:25:06","date_gmt":"2019-02-13T12:25:06","guid":{"rendered":"http:\/\/lonstroff.lake-studio.de\/podjetje\/karriere"},"modified":"2024-02-10T18:18:40","modified_gmt":"2024-02-10T17:18:40","slug":"zaposlitev","status":"publish","type":"page","link":"https:\/\/www.lonstroff.com\/sl\/podjetje\/zaposlitev","title":{"rendered":"Zaposlitev"},"content":{"rendered":"\t\t\t<section  class=\"content-section vc_backgroundimage vc_bg_image_small   stretch-row-content vc-cover   no-margin\"  style=\"background-position:center center;background-image:url(https:\/\/www.lonstroff.com\/wp-content\/uploads\/2024\/02\/unbenannt-3.jpg);\" >\n\n\t\t\t\t\n\t\t\t\t\n\t\t\t\t<div class=\"row  \">\n\n\t\t\t\t\t[vc_column][\/vc_column]\n\t\t\t\t<\/div>\n\n\t\t\t\t\n\t\t\t\t\n\t\t\t\n\t\t\t\n\t\t<\/section>\n\n\t\t\t\t<section  class=\"content-section      mt-30-xs mt-70-md\"   >\n\n\t\t\t\t\n\t\t\t\t\n\t\t\t\t<div class=\"row  \">\n\n\t\t\t\t\t[vc_column width=&#8221;2\/3&#8243; offset=&#8221;vc_col-md-offset-2 vc_col-md-8&#8243;][vc_column_text]\n<h1 class=\"mt-l mb-m mt-default-s mt-default-s blue\" style=\"text-align: center\"><span class=\"color-accent\">KARIERA V MEDNARODNEM OKOLJU<\/span><\/h1>\n[\/vc_column_text][vc_column_text]\n<div data-animate=\"fadeInUp\">\n<p style=\"text-align: center\"><span lang=\"sl\">Naro\u010dnikom \u017eelimo nuditi storitve na najvi\u0161jem nivoju in to nam omogo\u010dajo\u00a0zaposleni in vodstveni delavci, ki so za nas dragoceni. V<\/span><span id=\"result_box\" lang=\"sl\">isoka usposobljenost in nenehni razvoj sta predpogoj za doseganje in vzdr\u017eevanje najvi\u0161je ravni\u00a0strokovnosti. Zaposlene spodbujamo k odgovornem odnosu do okolja ter varnega in stro\u0161kovno\u00a0u\u010dinkovitega dela.<\/span><\/p>\n<p>Kot globalno podjetje zaposlujemo ljudi razli\u010dnih narodnosti, kultur, religij in prepri\u010danja. Medsebojni odnosi so spo\u0161tljivi, strpni,\u00a0pravi\u010dni in odprti.<\/p>\n<\/div>\n[\/vc_column_text][\/vc_column]\n\t\t\t\t<\/div>\n\n\t\t\t\t\n\t\t\t\t\n\t\t\t\n\t\t\t\n\t\t<\/section>\n\n\t\t\t\t<section  class=\"content-section    stretch-row-content   mt-30-xs mt-40-md\"   >\n\n\t\t\t\t\n\t\t\t\t\n\t\t\t\t<div class=\"row  \">\n\n\t\t\t\t\t[vc_column vc_padding_inner=&#8221;p-20-xs p-30-sm p-40-md&#8221;][ls_vc_2column_txt_bgimg vc_img_alignment=&#8221;img-right&#8221; vc_column_height=&#8221;bgimg_height&#8211;50&#8243; vc_vertical_align_element=&#8221;center&#8221; vc_padding=&#8221;p-20-md p-30-lg p-50-xl&#8221; vc_image=&#8221;482&#8243;]\n<h4 class=\"lightgrey fw-medium\">Kariera v dinami\u010dnem podjetju<\/h4>\n<h2 class=\"attribute ce_headline headline h1\">LONSTROFF<\/h2>\n<p>Poleg lokacije v Logatcu, ima\u00a0podjetje Lonstroff\u00a0\u0161e dva proizvodna obrata v \u0160vici, kjer je zaposlenih pribli\u017eno 150 ljudi. Neprestano zaposlujemo na razli\u010dnih podro\u010djih znotraj proizvodnje, zagotavljanja kakovosti in logistike.<\/p>\n<p><a class=\"btn-primary\" title=\"Zaposlitev\" href=\"https:\/\/www.lonstroff.com\/sl\/zaposlitev\">Pridru\u017eite se nam<\/a>[\/ls_vc_2column_txt_bgimg][\/vc_column]\n\t\t\t\t<\/div>\n\n\t\t\t\t\n\t\t\t\t\n\t\t\t\n\t\t\t\n\t\t<\/section>\n\n\t\n","protected":false},"excerpt":{"rendered":"[vc_column][\/vc_column] [vc_column width=\"2\/3\" offset=\"vc_col-md-offset-2 vc_col-md-8\"][vc_column_text] KARIERA V MEDNARODNEM OKOLJU [\/vc_column_text][vc_column_text] Naro\u010dnikom \u017eelimo nuditi storitve na najvi\u0161jem nivoju in to nam omogo\u010dajo\u00a0zaposleni in vodstveni delavci, ki so za nas dragoceni. Visoka usposobljenost in nenehni razvoj sta predpogoj za doseganje in vzdr\u017eevanje najvi\u0161je ravni\u00a0strokovnosti. Zaposlene spodbujamo k odgovornem odnosu do okolja ter <a class=\"moretag\" href=\"https:\/\/www.lonstroff.com\/sl\/podjetje\/zaposlitev\">read more...<\/a>","protected":false},"author":1,"featured_media":0,"parent":1275,"menu_order":25,"comment_status":"closed","ping_status":"closed","template":"","meta":{"_acf_changed":false,"footnotes":"","_links_to":"","_links_to_target":""},"class_list":["post-1341","page","type-page","status-publish","hentry"],"acf":[],"yoast_head":"<!-- This site is optimized with the Yoast SEO plugin v27.4 - https:\/\/yoast.com\/product\/yoast-seo-wordpress\/ -->\n<title>Zaposlitev - LONSTROFF AG<\/title>\n<meta name=\"robots\" content=\"index, follow, max-snippet:-1, max-image-preview:large, max-video-preview:-1\" \/>\n<link rel=\"canonical\" href=\"https:\/\/www.lonstroff.com\/sl\/podjetje\/zaposlitev\" \/>\n<meta property=\"og:locale\" content=\"sl_SI\" \/>\n<meta property=\"og:type\" content=\"article\" \/>\n<meta property=\"og:title\" content=\"Zaposlitev - LONSTROFF AG\" \/>\n<meta property=\"og:url\" content=\"https:\/\/www.lonstroff.com\/sl\/podjetje\/zaposlitev\" \/>\n<meta property=\"og:site_name\" content=\"LONSTROFF AG\" \/>\n<meta property=\"article:modified_time\" content=\"2024-02-10T17:18:40+00:00\" \/>\n<meta name=\"twitter:card\" content=\"summary_large_image\" \/>\n<meta name=\"twitter:label1\" content=\"Est. reading time\" \/>\n\t<meta name=\"twitter:data1\" content=\"2 minuti\" \/>\n<script type=\"application\/ld+json\" class=\"yoast-schema-graph\">{\"@context\":\"https:\\\/\\\/schema.org\",\"@graph\":[{\"@type\":\"WebPage\",\"@id\":\"https:\\\/\\\/www.lonstroff.com\\\/sl\\\/podjetje\\\/zaposlitev\",\"url\":\"https:\\\/\\\/www.lonstroff.com\\\/sl\\\/podjetje\\\/zaposlitev\",\"name\":\"Zaposlitev - LONSTROFF AG\",\"isPartOf\":{\"@id\":\"https:\\\/\\\/www.lonstroff.com\\\/#website\"},\"datePublished\":\"2019-02-13T12:25:06+00:00\",\"dateModified\":\"2024-02-10T17:18:40+00:00\",\"breadcrumb\":{\"@id\":\"https:\\\/\\\/www.lonstroff.com\\\/sl\\\/podjetje\\\/zaposlitev#breadcrumb\"},\"inLanguage\":\"sl-SI\",\"potentialAction\":[{\"@type\":\"ReadAction\",\"target\":[\"https:\\\/\\\/www.lonstroff.com\\\/sl\\\/podjetje\\\/zaposlitev\"]}]},{\"@type\":\"BreadcrumbList\",\"@id\":\"https:\\\/\\\/www.lonstroff.com\\\/sl\\\/podjetje\\\/zaposlitev#breadcrumb\",\"itemListElement\":[{\"@type\":\"ListItem\",\"position\":1,\"name\":\"Startseite\",\"item\":\"https:\\\/\\\/www.lonstroff.com\\\/sl\"},{\"@type\":\"ListItem\",\"position\":2,\"name\":\"Podjetje\",\"item\":\"https:\\\/\\\/www.lonstroff.com\\\/sl\\\/podjetje\\\/zakaj-izbrati-lonstroff\"},{\"@type\":\"ListItem\",\"position\":3,\"name\":\"Zaposlitev\"}]},{\"@type\":\"WebSite\",\"@id\":\"https:\\\/\\\/www.lonstroff.com\\\/#website\",\"url\":\"https:\\\/\\\/www.lonstroff.com\\\/\",\"name\":\"LONSTROFF AG\",\"description\":\"\",\"potentialAction\":[{\"@type\":\"SearchAction\",\"target\":{\"@type\":\"EntryPoint\",\"urlTemplate\":\"https:\\\/\\\/www.lonstroff.com\\\/?s={search_term_string}\"},\"query-input\":{\"@type\":\"PropertyValueSpecification\",\"valueRequired\":true,\"valueName\":\"search_term_string\"}}],\"inLanguage\":\"sl-SI\"}]}<\/script>\n<!-- \/ Yoast SEO plugin. -->","yoast_head_json":{"title":"Zaposlitev - LONSTROFF AG","robots":{"index":"index","follow":"follow","max-snippet":"max-snippet:-1","max-image-preview":"max-image-preview:large","max-video-preview":"max-video-preview:-1"},"canonical":"https:\/\/www.lonstroff.com\/sl\/podjetje\/zaposlitev","og_locale":"sl_SI","og_type":"article","og_title":"Zaposlitev - LONSTROFF AG","og_url":"https:\/\/www.lonstroff.com\/sl\/podjetje\/zaposlitev","og_site_name":"LONSTROFF AG","article_modified_time":"2024-02-10T17:18:40+00:00","twitter_card":"summary_large_image","twitter_misc":{"Est. reading time":"2 minuti"},"schema":{"@context":"https:\/\/schema.org","@graph":[{"@type":"WebPage","@id":"https:\/\/www.lonstroff.com\/sl\/podjetje\/zaposlitev","url":"https:\/\/www.lonstroff.com\/sl\/podjetje\/zaposlitev","name":"Zaposlitev - LONSTROFF AG","isPartOf":{"@id":"https:\/\/www.lonstroff.com\/#website"},"datePublished":"2019-02-13T12:25:06+00:00","dateModified":"2024-02-10T17:18:40+00:00","breadcrumb":{"@id":"https:\/\/www.lonstroff.com\/sl\/podjetje\/zaposlitev#breadcrumb"},"inLanguage":"sl-SI","potentialAction":[{"@type":"ReadAction","target":["https:\/\/www.lonstroff.com\/sl\/podjetje\/zaposlitev"]}]},{"@type":"BreadcrumbList","@id":"https:\/\/www.lonstroff.com\/sl\/podjetje\/zaposlitev#breadcrumb","itemListElement":[{"@type":"ListItem","position":1,"name":"Startseite","item":"https:\/\/www.lonstroff.com\/sl"},{"@type":"ListItem","position":2,"name":"Podjetje","item":"https:\/\/www.lonstroff.com\/sl\/podjetje\/zakaj-izbrati-lonstroff"},{"@type":"ListItem","position":3,"name":"Zaposlitev"}]},{"@type":"WebSite","@id":"https:\/\/www.lonstroff.com\/#website","url":"https:\/\/www.lonstroff.com\/","name":"LONSTROFF AG","description":"","potentialAction":[{"@type":"SearchAction","target":{"@type":"EntryPoint","urlTemplate":"https:\/\/www.lonstroff.com\/?s={search_term_string}"},"query-input":{"@type":"PropertyValueSpecification","valueRequired":true,"valueName":"search_term_string"}}],"inLanguage":"sl-SI"}]}},"_links":{"self":[{"href":"https:\/\/www.lonstroff.com\/sl\/wp-json\/wp\/v2\/pages\/1341","targetHints":{"allow":["GET"]}}],"collection":[{"href":"https:\/\/www.lonstroff.com\/sl\/wp-json\/wp\/v2\/pages"}],"about":[{"href":"https:\/\/www.lonstroff.com\/sl\/wp-json\/wp\/v2\/types\/page"}],"author":[{"embeddable":true,"href":"https:\/\/www.lonstroff.com\/sl\/wp-json\/wp\/v2\/users\/1"}],"replies":[{"embeddable":true,"href":"https:\/\/www.lonstroff.com\/sl\/wp-json\/wp\/v2\/comments?post=1341"}],"version-history":[{"count":11,"href":"https:\/\/www.lonstroff.com\/sl\/wp-json\/wp\/v2\/pages\/1341\/revisions"}],"predecessor-version":[{"id":2796,"href":"https:\/\/www.lonstroff.com\/sl\/wp-json\/wp\/v2\/pages\/1341\/revisions\/2796"}],"up":[{"embeddable":true,"href":"https:\/\/www.lonstroff.com\/sl\/wp-json\/wp\/v2\/pages\/1275"}],"wp:attachment":[{"href":"https:\/\/www.lonstroff.com\/sl\/wp-json\/wp\/v2\/media?parent=1341"}],"curies":[{"name":"wp","href":"https:\/\/api.w.org\/{rel}","templated":true}]}}