{"id":1331,"date":"2019-02-13T13:25:06","date_gmt":"2019-02-13T12:25:06","guid":{"rendered":"http:\/\/lonstroff.lake-studio.de\/produkte"},"modified":"2019-03-29T09:01:38","modified_gmt":"2019-03-29T08:01:38","slug":"izdelki","status":"publish","type":"page","link":"https:\/\/www.lonstroff.com\/sl\/izdelki","title":{"rendered":"Izdelki"},"content":{"rendered":"\t\t\t<section  class=\"content-section vc_backgroundimage vc_bg_image_small   stretch-row vc-cover   no-margin\"  style=\"background-position:center center;background-image:url(https:\/\/www.lonstroff.com\/wp-content\/uploads\/2019\/03\/produkte-1600x1068.jpg);\" >\n\n\t\t\t\t\n\t\t\t\t\n\t\t\t\t<div class=\"row  \">\n\n\t\t\t\t\t[vc_column][\/vc_column]\n\t\t\t\t<\/div>\n\n\t\t\t\t\n\t\t\t\t\n\t\t\t\n\t\t\t\n\t\t<\/section>\n\n\t\t\t\t<section  class=\"content-section      mt-30-xs mb-30-xs mt-70-md mb-70-md\"   >\n\n\t\t\t\t\n\t\t\t\t\n\t\t\t\t<div class=\"row  \">\n\n\t\t\t\t\t[vc_column width=&#8221;2\/3&#8243; offset=&#8221;vc_col-md-offset-2 vc_col-md-8&#8243;][vc_column_text]\n<h1 class=\"mt-default mb-xl mt-default-s mt-default-s blue\" style=\"text-align: center\"><span class=\"color-accent\">ZANESLJIV PARTNER FARMACEVTSKE INDUSTRIJE<\/span><\/h1>\n[\/vc_column_text][vc_column_text]\n<div data-animate=\"fadeInUp\">\n<p style=\"text-align: center\">Na\u0161i izdelki imajo pomembno vlogo v primarnih farmacevtskih pakiranjih\u00a0in embala\u017ei za enkratno uporabo. V neposrednem stiku z zdravilom ostajajo vse od izdelave do uporabe. Iz tega razloga mora biti kakovost zagotovljena v skladu z zelo strogimi zahtevami, ravno tako surovinska sestava materiala in proizvodni proces.<\/p>\n<\/div>\n[\/vc_column_text][\/vc_column]\n\t\t\t\t<\/div>\n\n\t\t\t\t\n\t\t\t\t\n\t\t\t\n\t\t\t\n\t\t<\/section>\n\n\t\t\t\t<section  class=\"content-section    stretch-row-content   mt-30-xs mt-40-md\"   >\n\n\t\t\t\t\n\t\t\t\t\n\t\t\t\t<div class=\"row  \">\n\n\t\t\t\t\t[vc_column vc_padding_inner=&#8221;p-20-xs p-30-sm p-40-md&#8221;][ls_vc_2column_txt_bgimg vc_img_alignment=&#8221;img-right&#8221; vc_column_height=&#8221;bgimg_height&#8211;50&#8243; vc_vertical_align_element=&#8221;center&#8221; vc_padding=&#8221;p-20-md p-30-lg p-50-xl&#8221; vc_image=&#8221;627&#8243;]\n<h4 class=\"lightgrey fw-medium\">v skladu z najvi\u0161jimi farmacevtskimi standardi<\/h4>\n<h2 class=\"attribute ce_headline headline h1\">PRIMARNA EMBALA\u017dA<\/h2>\n<div class=\"ce_textarea attribute textarea\">\n<p>Na\u0161i izdelki dosegajo pomembno vlogo v primarni farmacevtski embala\u017ei in so v dalj\u0161em \u010dasovnem obdobju v neposrednem stiku z zdravilom. Iz tega razloga morajo biti proizvedeni v skladu z Dobro Proizvodno Prakso (cGMP Good Manufacturing Practice). V celotnem obdobju hrambe zdravila mora biti zagotovljena kemi\u010dna neopore\u010dnost in sterilnost. Funkcionalnost na\u0161ega izdelka in doseganje njegovega popolnega ujemanja s primarno vsebino pakiranja je osnova varne in u\u010dinkovite uporabe zdravila. Zdravilo, na\u0161 izdelek in morebitne druge komponente primarnega pakiranja so testirane skupaj s strani pristojnih zdravstvenih organov.<\/p>\n<h5>Primeri izdelkov:<\/h5>\n<ul>\n<li>Zama\u0161ki za infuzijske raztopine, injekcijske pripravke, liofilizate, diagnosti\u010dna sredstva, anestetike in serume<\/li>\n<li>Diski za \u010depe infuzijskih vre\u010dk in steklenic<\/li>\n<li>Bati za prednapolnjene brizgalke<\/li>\n<li>Bati in zama\u0161ki za polnila infuzijskih peres<\/li>\n<li>\u0160\u010ditniki igel in pokrov\u010dki\u00a0konic igel<\/li>\n<\/ul>\n<\/div>\n[\/ls_vc_2column_txt_bgimg][\/vc_column]\n\t\t\t\t<\/div>\n\n\t\t\t\t\n\t\t\t\t\n\t\t\t\n\t\t\t\n\t\t<\/section>\n\n\t\t\t\t<section  class=\"content-section    stretch-row-content   no-margin\"   >\n\n\t\t\t\t\n\t\t\t\t\n\t\t\t\t<div class=\"row  \">\n\n\t\t\t\t\t[vc_column vc_padding_inner=&#8221;p-20-xs p-30-sm p-40-md&#8221;][ls_vc_2column_txt_bgimg vc_column_height=&#8221;bgimg_height&#8211;50&#8243; vc_vertical_align_element=&#8221;center&#8221; vc_padding=&#8221;p-20-md p-30-lg p-50-xl&#8221; vc_image=&#8221;632&#8243;]\n<h4 class=\"lightgrey fw-medium\">ustrezno strokovno znanje<\/h4>\n<h2 class=\"attribute ce_headline headline h1\">MEDICINSKE NAPRAVE<\/h2>\n<div class=\"ce_textarea attribute textarea\">\n<div class=\"ce_textarea attribute textarea\">\n<p>Proizvajamo komponente za medicinsko opremo in za razne pripomo\u010dke, ki omogo\u010dajo vnos zdravila v telo. Njihova zanesljivost in uporabnost sta izjemnega pomena. Preden so komponente odobrene za serijsko proizvodnjo se testirajo v laboratorijih.<\/p>\n<h5>Primeri izdelkov:<\/h5>\n<ul>\n<li>Bati za brizgalke za enkratno uporabo<\/li>\n<li>Tesnila za dializne filtre<\/li>\n<li>Diski za ampulne kartu\u0161e<\/li>\n<li>Tesnilni diski za injekcijske priklju\u010dke<\/li>\n<li>Injekcijski priklju\u010dki za infuzijsko opremo<\/li>\n<li>Pokrov\u010dki pipet<\/li>\n<li>\u0160\u010ditniki za igle mini brizgalk<\/li>\n<\/ul>\n<\/div>\n<\/div>\n[\/ls_vc_2column_txt_bgimg][\/vc_column]\n\t\t\t\t<\/div>\n\n\t\t\t\t\n\t\t\t\t\n\t\t\t\n\t\t\t\n\t\t<\/section>\n\n\t\t\t\t<section  class=\"content-section    stretch-row-content   no-margin\"   >\n\n\t\t\t\t\n\t\t\t\t\n\t\t\t\t<div class=\"row  \">\n\n\t\t\t\t\t[vc_column vc_padding_inner=&#8221;p-20-xs p-30-sm p-40-md&#8221;][ls_vc_2column_txt_bgimg vc_img_alignment=&#8221;img-right&#8221; vc_column_height=&#8221;bgimg_height&#8211;50&#8243; vc_vertical_align_element=&#8221;center&#8221; vc_padding=&#8221;p-20-md p-30-lg p-50-xl&#8221; vc_image=&#8221;1049&#8243;]\n<h4 class=\"lightgrey fw-medium\">visoko zmogljive<\/h4>\n<h2 class=\"attribute ce_headline headline h1\">ELASTOMERNE KOMPONENTE ZA INDUSTRIJO<\/h2>\n<div class=\"ce_textarea attribute textarea\">\n<div class=\"ce_textarea attribute textarea\">\n<div class=\"ce_textarea attribute textarea\">\n<p>Proizvajamo elastomerne komponente za stroje in proizvodne obrate \u0161irokega spektra gumenih materialov in plasti\u010dnih mas. Narejeni so\u00a0z brizganjem ali\u00a0kot folije za tesnjenje, zapiranje, vibracijsko du\u0161enje, izolacijo in za\u0161\u010dito.<\/p>\n<h5>Primeri izdelkov:<\/h5>\n<ul>\n<li>Laminati za za\u0161\u010dito pred vibracijami in za du\u0161enje zvoka<\/li>\n<li>Laminati za transportne trakove in prenos mo\u010di<\/li>\n<li>Laminati za ventile, ki zmanj\u0161ujejo tlak<\/li>\n<li>Tesnilni obro\u010dki,<\/li>\n<li>Obrobe, pokrovi, odbojniki<\/li>\n<li>Tesnila za pitno vodo<\/li>\n<li>Tesnila za pralne in pomivalne stroje<\/li>\n<li>Tesnila za sanitarno opremo<\/li>\n<li>Tesnila za visokonapetostna stikala<\/li>\n<\/ul>\n<\/div>\n<\/div>\n<\/div>\n[\/ls_vc_2column_txt_bgimg][\/vc_column]\n\t\t\t\t<\/div>\n\n\t\t\t\t\n\t\t\t\t\n\t\t\t\n\t\t\t\n\t\t<\/section>\n\n\t\n","protected":false},"excerpt":{"rendered":"[vc_column][\/vc_column] [vc_column width=\"2\/3\" offset=\"vc_col-md-offset-2 vc_col-md-8\"][vc_column_text] ZANESLJIV PARTNER FARMACEVTSKE INDUSTRIJE [\/vc_column_text][vc_column_text] Na\u0161i izdelki imajo pomembno vlogo v primarnih farmacevtskih pakiranjih\u00a0in embala\u017ei za enkratno uporabo. V neposrednem stiku z zdravilom ostajajo vse od izdelave do uporabe. Iz tega razloga mora biti kakovost zagotovljena v skladu z zelo strogimi zahtevami, ravno tako surovinska <a class=\"moretag\" href=\"https:\/\/www.lonstroff.com\/sl\/izdelki\">read more...<\/a>","protected":false},"author":1,"featured_media":0,"parent":0,"menu_order":17,"comment_status":"closed","ping_status":"closed","template":"","meta":{"_acf_changed":false,"footnotes":"","_links_to":"","_links_to_target":""},"class_list":["post-1331","page","type-page","status-publish","hentry"],"acf":[],"yoast_head":"<!-- This site is optimized with the Yoast SEO plugin v27.4 - https:\/\/yoast.com\/product\/yoast-seo-wordpress\/ -->\n<title>Izdelki - LONSTROFF AG<\/title>\n<meta name=\"robots\" content=\"index, follow, max-snippet:-1, max-image-preview:large, max-video-preview:-1\" \/>\n<link rel=\"canonical\" href=\"https:\/\/www.lonstroff.com\/sl\/izdelki\" \/>\n<meta property=\"og:locale\" content=\"sl_SI\" \/>\n<meta property=\"og:type\" content=\"article\" \/>\n<meta property=\"og:title\" content=\"Izdelki - LONSTROFF AG\" \/>\n<meta property=\"og:url\" content=\"https:\/\/www.lonstroff.com\/sl\/izdelki\" \/>\n<meta property=\"og:site_name\" content=\"LONSTROFF AG\" \/>\n<meta property=\"article:modified_time\" content=\"2019-03-29T08:01:38+00:00\" \/>\n<meta name=\"twitter:card\" content=\"summary_large_image\" \/>\n<meta name=\"twitter:label1\" content=\"Est. reading time\" \/>\n\t<meta name=\"twitter:data1\" content=\"3 minute\" \/>\n<script type=\"application\/ld+json\" class=\"yoast-schema-graph\">{\"@context\":\"https:\\\/\\\/schema.org\",\"@graph\":[{\"@type\":\"WebPage\",\"@id\":\"https:\\\/\\\/www.lonstroff.com\\\/sl\\\/izdelki\",\"url\":\"https:\\\/\\\/www.lonstroff.com\\\/sl\\\/izdelki\",\"name\":\"Izdelki - LONSTROFF AG\",\"isPartOf\":{\"@id\":\"https:\\\/\\\/www.lonstroff.com\\\/#website\"},\"datePublished\":\"2019-02-13T12:25:06+00:00\",\"dateModified\":\"2019-03-29T08:01:38+00:00\",\"breadcrumb\":{\"@id\":\"https:\\\/\\\/www.lonstroff.com\\\/sl\\\/izdelki#breadcrumb\"},\"inLanguage\":\"sl-SI\",\"potentialAction\":[{\"@type\":\"ReadAction\",\"target\":[\"https:\\\/\\\/www.lonstroff.com\\\/sl\\\/izdelki\"]}]},{\"@type\":\"BreadcrumbList\",\"@id\":\"https:\\\/\\\/www.lonstroff.com\\\/sl\\\/izdelki#breadcrumb\",\"itemListElement\":[{\"@type\":\"ListItem\",\"position\":1,\"name\":\"Startseite\",\"item\":\"https:\\\/\\\/www.lonstroff.com\\\/sl\"},{\"@type\":\"ListItem\",\"position\":2,\"name\":\"Izdelki\"}]},{\"@type\":\"WebSite\",\"@id\":\"https:\\\/\\\/www.lonstroff.com\\\/#website\",\"url\":\"https:\\\/\\\/www.lonstroff.com\\\/\",\"name\":\"LONSTROFF AG\",\"description\":\"\",\"potentialAction\":[{\"@type\":\"SearchAction\",\"target\":{\"@type\":\"EntryPoint\",\"urlTemplate\":\"https:\\\/\\\/www.lonstroff.com\\\/?s={search_term_string}\"},\"query-input\":{\"@type\":\"PropertyValueSpecification\",\"valueRequired\":true,\"valueName\":\"search_term_string\"}}],\"inLanguage\":\"sl-SI\"}]}<\/script>\n<!-- \/ Yoast SEO plugin. -->","yoast_head_json":{"title":"Izdelki - LONSTROFF AG","robots":{"index":"index","follow":"follow","max-snippet":"max-snippet:-1","max-image-preview":"max-image-preview:large","max-video-preview":"max-video-preview:-1"},"canonical":"https:\/\/www.lonstroff.com\/sl\/izdelki","og_locale":"sl_SI","og_type":"article","og_title":"Izdelki - LONSTROFF AG","og_url":"https:\/\/www.lonstroff.com\/sl\/izdelki","og_site_name":"LONSTROFF AG","article_modified_time":"2019-03-29T08:01:38+00:00","twitter_card":"summary_large_image","twitter_misc":{"Est. reading time":"3 minute"},"schema":{"@context":"https:\/\/schema.org","@graph":[{"@type":"WebPage","@id":"https:\/\/www.lonstroff.com\/sl\/izdelki","url":"https:\/\/www.lonstroff.com\/sl\/izdelki","name":"Izdelki - LONSTROFF AG","isPartOf":{"@id":"https:\/\/www.lonstroff.com\/#website"},"datePublished":"2019-02-13T12:25:06+00:00","dateModified":"2019-03-29T08:01:38+00:00","breadcrumb":{"@id":"https:\/\/www.lonstroff.com\/sl\/izdelki#breadcrumb"},"inLanguage":"sl-SI","potentialAction":[{"@type":"ReadAction","target":["https:\/\/www.lonstroff.com\/sl\/izdelki"]}]},{"@type":"BreadcrumbList","@id":"https:\/\/www.lonstroff.com\/sl\/izdelki#breadcrumb","itemListElement":[{"@type":"ListItem","position":1,"name":"Startseite","item":"https:\/\/www.lonstroff.com\/sl"},{"@type":"ListItem","position":2,"name":"Izdelki"}]},{"@type":"WebSite","@id":"https:\/\/www.lonstroff.com\/#website","url":"https:\/\/www.lonstroff.com\/","name":"LONSTROFF AG","description":"","potentialAction":[{"@type":"SearchAction","target":{"@type":"EntryPoint","urlTemplate":"https:\/\/www.lonstroff.com\/?s={search_term_string}"},"query-input":{"@type":"PropertyValueSpecification","valueRequired":true,"valueName":"search_term_string"}}],"inLanguage":"sl-SI"}]}},"_links":{"self":[{"href":"https:\/\/www.lonstroff.com\/sl\/wp-json\/wp\/v2\/pages\/1331","targetHints":{"allow":["GET"]}}],"collection":[{"href":"https:\/\/www.lonstroff.com\/sl\/wp-json\/wp\/v2\/pages"}],"about":[{"href":"https:\/\/www.lonstroff.com\/sl\/wp-json\/wp\/v2\/types\/page"}],"author":[{"embeddable":true,"href":"https:\/\/www.lonstroff.com\/sl\/wp-json\/wp\/v2\/users\/1"}],"replies":[{"embeddable":true,"href":"https:\/\/www.lonstroff.com\/sl\/wp-json\/wp\/v2\/comments?post=1331"}],"version-history":[{"count":8,"href":"https:\/\/www.lonstroff.com\/sl\/wp-json\/wp\/v2\/pages\/1331\/revisions"}],"predecessor-version":[{"id":1501,"href":"https:\/\/www.lonstroff.com\/sl\/wp-json\/wp\/v2\/pages\/1331\/revisions\/1501"}],"wp:attachment":[{"href":"https:\/\/www.lonstroff.com\/sl\/wp-json\/wp\/v2\/media?parent=1331"}],"curies":[{"name":"wp","href":"https:\/\/api.w.org\/{rel}","templated":true}]}}