{"id":1276,"date":"2019-02-13T13:25:06","date_gmt":"2019-02-13T12:25:06","guid":{"rendered":"http:\/\/lonstroff.lake-studio.de\/unternehmen\/warum-lonstroff"},"modified":"2019-05-03T17:53:46","modified_gmt":"2019-05-03T15:53:46","slug":"zakaj-izbrati-lonstroff","status":"publish","type":"page","link":"https:\/\/www.lonstroff.com\/sl\/podjetje\/zakaj-izbrati-lonstroff","title":{"rendered":"Zakaj izbrati Lonstroff?"},"content":{"rendered":"\t\t\t<section  class=\"content-section vc_backgroundimage vc_bg_image_small   stretch-row vc-cover   no-margin\"  style=\"background-position:center center;background-image:url(https:\/\/www.lonstroff.com\/wp-content\/uploads\/2019\/02\/header_home-1600x421.jpg);\" >\n\n\t\t\t\t\n\t\t\t\t\n\t\t\t\t<div class=\"row  \">\n\n\t\t\t\t\t[vc_column][\/vc_column]\n\t\t\t\t<\/div>\n\n\t\t\t\t\n\t\t\t\t\n\t\t\t\n\t\t\t\n\t\t<\/section>\n\n\t\t\t\t<section  class=\"content-section      mt-30-xs mb-30-xs mt-70-md mb-70-md\"   >\n\n\t\t\t\t\n\t\t\t\t\n\t\t\t\t<div class=\"row  \">\n\n\t\t\t\t\t[vc_column width=&#8221;2\/3&#8243; offset=&#8221;vc_col-md-offset-2 vc_col-md-8&#8243;][vc_column_text]\n<div data-animate=\"fadeInUp\">\n<h1 class=\"blue\" style=\"text-align: center\">Izku\u0161enost v razvoju novih izdelkov.<\/h1>\n<\/div>\n<div style=\"text-align: center\" data-animate=\"fadeInUp\">\n<h1><\/h1>\n<\/div>\n<div data-animate=\"fadeInUp\">\n<p style=\"text-align: center\">Temelj na\u0161ega dolgoro\u010dnega uspeha so neprestane inovacije, intenzivno raziskovanje novih izdelkov in\u00a0konstruktivno sodelovanje z naro\u010dniki. Poglobljeno znanje in izku\u0161nje zaposlenih nam omogo\u010dajo, da naro\u010dnikom hitro in strokovno nudimo re\u0161itve po meri.<\/p>\n<p style=\"text-align: center\">Re\u0161itve se lahko nana\u0161ajo na povsem nove izdelke ali pa na izbolj\u0161ave obstoje\u010dih.<\/p>\n<\/div>\n[\/vc_column_text][\/vc_column]\n\t\t\t\t<\/div>\n\n\t\t\t\t\n\t\t\t\t\n\t\t\t\n\t\t\t\n\t\t<\/section>\n\n\t\t\t\t<section  class=\"content-section    stretch-row-content   no-margin\"   >\n\n\t\t\t\t\n\t\t\t\t\n\t\t\t\t<div class=\"row  \">\n\n\t\t\t\t\t[vc_column vc_padding_inner=&#8221;p-20-xs p-30-sm p-40-md&#8221;][ls_vc_2column_txt_bgimg vc_img_alignment=&#8221;img-right&#8221; vc_column_height=&#8221;bgimg_height&#8211;50&#8243; vc_vertical_align_element=&#8221;center&#8221; vc_padding=&#8221;p-20-md p-30-lg p-50-xl&#8221; vc_image=&#8221;360&#8243;]\n<h4 class=\"lightgrey fw-medium\">izku\u0161ena in strokovna ekipa<\/h4>\n<h2 class=\"attribute ce_headline headline h1\">VISOKA STROKOVNA USPOSOBLJENOST PRI IZVAJANJU PROJEKTOV<\/h2>\n<p>Uveljavljena ekipa strokovnjakov s podro\u010dja kemije, procesne tehnologije in analitike natan\u010dno opredeli zahteve naro\u010dnikov. Po dokon\u010dni opredelitvi materialov in oblike, Lonstroff v kratkem \u010dasu izdela vzor\u010dne izdelke in prototipe. Naro\u010dniki smatrajo to storitev za edinstveno na trgu.[\/ls_vc_2column_txt_bgimg][\/vc_column]\n\t\t\t\t<\/div>\n\n\t\t\t\t\n\t\t\t\t\n\t\t\t\n\t\t\t\n\t\t<\/section>\n\n\t\t\t\t<section  class=\"content-section    stretch-row-content   no-margin\"   >\n\n\t\t\t\t\n\t\t\t\t\n\t\t\t\t<div class=\"row  \">\n\n\t\t\t\t\t[vc_column vc_padding_inner=&#8221;p-20-xs p-30-sm p-40-md&#8221;][ls_vc_2column_txt_bgimg vc_column_height=&#8221;bgimg_height&#8211;50&#8243; vc_vertical_align_element=&#8221;center&#8221; vc_padding=&#8221;p-20-md p-30-lg p-50-xl&#8221; vc_image=&#8221;365&#8243;]\n<h4 class=\"lightgrey fw-medium\">u\u010dinkovite proizvodne metode<\/h4>\n<h2 class=\"attribute ce_headline headline h1\">SODOBEN LABORATORIJ IN NAPRAVE ZA TESTIRANJE<\/h2>\n<p>Najsodobnej\u0161i laboratorij z napravami za testiranje omogo\u010da optimizacijo sestavin elastomerov in raziskovanje novih u\u010dinkovitej\u0161ih proizvodnih metod. Za naro\u010dnika razvijamo re\u0161itve po meri oziroma uporabimo eno izmed 400 \u017ee pripravljenih zmesi.<\/p>\n<p><a class=\"btn-primary\" title=\"Technologie\" href=\"https:\/\/www.lonstroff.com\/technologie\">PODROBNEJE<\/a>[\/ls_vc_2column_txt_bgimg][\/vc_column]\n\t\t\t\t<\/div>\n\n\t\t\t\t\n\t\t\t\t\n\t\t\t\n\t\t\t\n\t\t<\/section>\n\n\t\t\t\t<section  class=\"content-section    stretch-row-content   no-margin\"   >\n\n\t\t\t\t\n\t\t\t\t\n\t\t\t\t<div class=\"row  \">\n\n\t\t\t\t\t[vc_column vc_padding_inner=&#8221;p-20-xs p-30-sm p-40-md&#8221;][ls_vc_2column_txt_bgimg vc_img_alignment=&#8221;img-right&#8221; vc_column_height=&#8221;bgimg_height&#8211;50&#8243; vc_vertical_align_element=&#8221;center&#8221; vc_padding=&#8221;p-20-md p-30-lg p-50-xl&#8221; vc_image=&#8221;371&#8243;]\n<h4 class=\"lightgrey fw-medium\">od za\u010detka do konca<\/h4>\n<h2 class=\"attribute ce_headline headline h1\">CELOTNA STORITEV<\/h2>\n<p>Dru\u017eba Lonstroff je partner, ki nudi celovito storitev razvoja elastomernih zmesi. Naro\u010dnikom ne svetujemo zgolj pri razvoju in optimizaciji, temve\u010d tudi pri oblikovanju izdelkov in analizi njihove funkcionalnosti. Zahvaljujo\u010d pridobljenim izku\u0161njam nudimo strokovno svetovanje pri registracijah in odobritvah naro\u010dnikovih kon\u010dnih izdelkov.[\/ls_vc_2column_txt_bgimg][\/vc_column]\n\t\t\t\t<\/div>\n\n\t\t\t\t\n\t\t\t\t\n\t\t\t\n\t\t\t\n\t\t<\/section>\n\n\t\n","protected":false},"excerpt":{"rendered":"[vc_column][\/vc_column] [vc_column width=\"2\/3\" offset=\"vc_col-md-offset-2 vc_col-md-8\"][vc_column_text] Izku\u0161enost v razvoju novih izdelkov. Temelj na\u0161ega dolgoro\u010dnega uspeha so neprestane inovacije, intenzivno raziskovanje novih izdelkov in\u00a0konstruktivno sodelovanje z naro\u010dniki. Poglobljeno znanje in izku\u0161nje zaposlenih nam omogo\u010dajo, da naro\u010dnikom hitro in strokovno nudimo re\u0161itve po meri. Re\u0161itve se lahko nana\u0161ajo na povsem nove izdelke ali <a class=\"moretag\" href=\"https:\/\/www.lonstroff.com\/sl\/podjetje\/zakaj-izbrati-lonstroff\">read more...<\/a>","protected":false},"author":1,"featured_media":0,"parent":1275,"menu_order":19,"comment_status":"closed","ping_status":"closed","template":"","meta":{"_acf_changed":false,"footnotes":"","_links_to":"","_links_to_target":""},"class_list":["post-1276","page","type-page","status-publish","hentry"],"acf":[],"yoast_head":"<!-- This site is optimized with the Yoast SEO plugin v27.4 - https:\/\/yoast.com\/product\/yoast-seo-wordpress\/ -->\n<title>Zakaj izbrati Lonstroff? - LONSTROFF AG<\/title>\n<meta name=\"robots\" content=\"index, follow, max-snippet:-1, max-image-preview:large, max-video-preview:-1\" \/>\n<link rel=\"canonical\" href=\"https:\/\/www.lonstroff.com\/sl\/podjetje\/zakaj-izbrati-lonstroff\" \/>\n<meta property=\"og:locale\" content=\"sl_SI\" \/>\n<meta property=\"og:type\" content=\"article\" \/>\n<meta property=\"og:title\" content=\"Zakaj izbrati Lonstroff? - LONSTROFF AG\" \/>\n<meta property=\"og:url\" content=\"https:\/\/www.lonstroff.com\/sl\/podjetje\/zakaj-izbrati-lonstroff\" \/>\n<meta property=\"og:site_name\" content=\"LONSTROFF AG\" \/>\n<meta property=\"article:modified_time\" content=\"2019-05-03T15:53:46+00:00\" \/>\n<meta name=\"twitter:card\" content=\"summary_large_image\" \/>\n<meta name=\"twitter:label1\" content=\"Est. reading time\" \/>\n\t<meta name=\"twitter:data1\" content=\"2 minuti\" \/>\n<script type=\"application\/ld+json\" class=\"yoast-schema-graph\">{\"@context\":\"https:\\\/\\\/schema.org\",\"@graph\":[{\"@type\":\"WebPage\",\"@id\":\"https:\\\/\\\/www.lonstroff.com\\\/sl\\\/podjetje\\\/zakaj-izbrati-lonstroff\",\"url\":\"https:\\\/\\\/www.lonstroff.com\\\/sl\\\/podjetje\\\/zakaj-izbrati-lonstroff\",\"name\":\"Zakaj izbrati Lonstroff? - LONSTROFF AG\",\"isPartOf\":{\"@id\":\"https:\\\/\\\/www.lonstroff.com\\\/#website\"},\"datePublished\":\"2019-02-13T12:25:06+00:00\",\"dateModified\":\"2019-05-03T15:53:46+00:00\",\"breadcrumb\":{\"@id\":\"https:\\\/\\\/www.lonstroff.com\\\/sl\\\/podjetje\\\/zakaj-izbrati-lonstroff#breadcrumb\"},\"inLanguage\":\"sl-SI\",\"potentialAction\":[{\"@type\":\"ReadAction\",\"target\":[\"https:\\\/\\\/www.lonstroff.com\\\/sl\\\/podjetje\\\/zakaj-izbrati-lonstroff\"]}]},{\"@type\":\"BreadcrumbList\",\"@id\":\"https:\\\/\\\/www.lonstroff.com\\\/sl\\\/podjetje\\\/zakaj-izbrati-lonstroff#breadcrumb\",\"itemListElement\":[{\"@type\":\"ListItem\",\"position\":1,\"name\":\"Startseite\",\"item\":\"https:\\\/\\\/www.lonstroff.com\\\/sl\"},{\"@type\":\"ListItem\",\"position\":2,\"name\":\"Podjetje\",\"item\":\"https:\\\/\\\/www.lonstroff.com\\\/sl\\\/podjetje\\\/zakaj-izbrati-lonstroff\"},{\"@type\":\"ListItem\",\"position\":3,\"name\":\"Zakaj izbrati Lonstroff?\"}]},{\"@type\":\"WebSite\",\"@id\":\"https:\\\/\\\/www.lonstroff.com\\\/#website\",\"url\":\"https:\\\/\\\/www.lonstroff.com\\\/\",\"name\":\"LONSTROFF AG\",\"description\":\"\",\"potentialAction\":[{\"@type\":\"SearchAction\",\"target\":{\"@type\":\"EntryPoint\",\"urlTemplate\":\"https:\\\/\\\/www.lonstroff.com\\\/?s={search_term_string}\"},\"query-input\":{\"@type\":\"PropertyValueSpecification\",\"valueRequired\":true,\"valueName\":\"search_term_string\"}}],\"inLanguage\":\"sl-SI\"}]}<\/script>\n<!-- \/ Yoast SEO plugin. -->","yoast_head_json":{"title":"Zakaj izbrati Lonstroff? - LONSTROFF AG","robots":{"index":"index","follow":"follow","max-snippet":"max-snippet:-1","max-image-preview":"max-image-preview:large","max-video-preview":"max-video-preview:-1"},"canonical":"https:\/\/www.lonstroff.com\/sl\/podjetje\/zakaj-izbrati-lonstroff","og_locale":"sl_SI","og_type":"article","og_title":"Zakaj izbrati Lonstroff? - LONSTROFF AG","og_url":"https:\/\/www.lonstroff.com\/sl\/podjetje\/zakaj-izbrati-lonstroff","og_site_name":"LONSTROFF AG","article_modified_time":"2019-05-03T15:53:46+00:00","twitter_card":"summary_large_image","twitter_misc":{"Est. reading time":"2 minuti"},"schema":{"@context":"https:\/\/schema.org","@graph":[{"@type":"WebPage","@id":"https:\/\/www.lonstroff.com\/sl\/podjetje\/zakaj-izbrati-lonstroff","url":"https:\/\/www.lonstroff.com\/sl\/podjetje\/zakaj-izbrati-lonstroff","name":"Zakaj izbrati Lonstroff? - LONSTROFF AG","isPartOf":{"@id":"https:\/\/www.lonstroff.com\/#website"},"datePublished":"2019-02-13T12:25:06+00:00","dateModified":"2019-05-03T15:53:46+00:00","breadcrumb":{"@id":"https:\/\/www.lonstroff.com\/sl\/podjetje\/zakaj-izbrati-lonstroff#breadcrumb"},"inLanguage":"sl-SI","potentialAction":[{"@type":"ReadAction","target":["https:\/\/www.lonstroff.com\/sl\/podjetje\/zakaj-izbrati-lonstroff"]}]},{"@type":"BreadcrumbList","@id":"https:\/\/www.lonstroff.com\/sl\/podjetje\/zakaj-izbrati-lonstroff#breadcrumb","itemListElement":[{"@type":"ListItem","position":1,"name":"Startseite","item":"https:\/\/www.lonstroff.com\/sl"},{"@type":"ListItem","position":2,"name":"Podjetje","item":"https:\/\/www.lonstroff.com\/sl\/podjetje\/zakaj-izbrati-lonstroff"},{"@type":"ListItem","position":3,"name":"Zakaj izbrati Lonstroff?"}]},{"@type":"WebSite","@id":"https:\/\/www.lonstroff.com\/#website","url":"https:\/\/www.lonstroff.com\/","name":"LONSTROFF AG","description":"","potentialAction":[{"@type":"SearchAction","target":{"@type":"EntryPoint","urlTemplate":"https:\/\/www.lonstroff.com\/?s={search_term_string}"},"query-input":{"@type":"PropertyValueSpecification","valueRequired":true,"valueName":"search_term_string"}}],"inLanguage":"sl-SI"}]}},"_links":{"self":[{"href":"https:\/\/www.lonstroff.com\/sl\/wp-json\/wp\/v2\/pages\/1276","targetHints":{"allow":["GET"]}}],"collection":[{"href":"https:\/\/www.lonstroff.com\/sl\/wp-json\/wp\/v2\/pages"}],"about":[{"href":"https:\/\/www.lonstroff.com\/sl\/wp-json\/wp\/v2\/types\/page"}],"author":[{"embeddable":true,"href":"https:\/\/www.lonstroff.com\/sl\/wp-json\/wp\/v2\/users\/1"}],"replies":[{"embeddable":true,"href":"https:\/\/www.lonstroff.com\/sl\/wp-json\/wp\/v2\/comments?post=1276"}],"version-history":[{"count":12,"href":"https:\/\/www.lonstroff.com\/sl\/wp-json\/wp\/v2\/pages\/1276\/revisions"}],"predecessor-version":[{"id":1721,"href":"https:\/\/www.lonstroff.com\/sl\/wp-json\/wp\/v2\/pages\/1276\/revisions\/1721"}],"up":[{"embeddable":true,"href":"https:\/\/www.lonstroff.com\/sl\/wp-json\/wp\/v2\/pages\/1275"}],"wp:attachment":[{"href":"https:\/\/www.lonstroff.com\/sl\/wp-json\/wp\/v2\/media?parent=1276"}],"curies":[{"name":"wp","href":"https:\/\/api.w.org\/{rel}","templated":true}]}}